{"id":132442,"date":"2026-02-24T00:06:54","date_gmt":"2026-02-23T23:06:54","guid":{"rendered":"https:\/\/playrock.pl\/?product=prs-se-101750-futeral-na-gitare-akustyczna"},"modified":"2026-02-24T00:06:54","modified_gmt":"2026-02-23T23:06:54","slug":"prs-se-101750-futeral-na-gitare-akustyczna","status":"publish","type":"product","link":"https:\/\/playrock.pl\/?product=prs-se-101750-futeral-na-gitare-akustyczna","title":{"rendered":"PRS SE 101750 &#8211; futera\u0142 na gitar\u0119 akustyczn\u0105"},"content":{"rendered":"<p><span style=\"vertical-align: inherit;\"><span style=\"vertical-align: inherit;\"><\/span><\/span><\/p>\n","protected":false},"excerpt":{"rendered":"","protected":false},"featured_media":132443,"template":"","meta":[],"product_cat":[4125,4149,3831,3830],"product_tag":[881],"class_list":{"0":"post-132442","1":"product","2":"type-product","3":"status-publish","4":"has-post-thumbnail","6":"product_cat-futeraly-gitarowe","7":"product_cat-futeraly-na-gitare-elektryczna","8":"product_cat-akcesoria-gitarowe","9":"product_cat-gitary-i-akcesoria","10":"product_tag-prs","11":"pa_marka-prs","13":"first","14":"instock","15":"purchasable","16":"product-type-simple"},"_links":{"self":[{"href":"https:\/\/playrock.pl\/index.php?rest_route=\/wp\/v2\/product\/132442","targetHints":{"allow":["GET"]}}],"collection":[{"href":"https:\/\/playrock.pl\/index.php?rest_route=\/wp\/v2\/product"}],"about":[{"href":"https:\/\/playrock.pl\/index.php?rest_route=\/wp\/v2\/types\/product"}],"version-history":[{"count":0,"href":"https:\/\/playrock.pl\/index.php?rest_route=\/wp\/v2\/product\/132442\/revisions"}],"wp:featuredmedia":[{"embeddable":true,"href":"https:\/\/playrock.pl\/index.php?rest_route=\/wp\/v2\/media\/132443"}],"wp:attachment":[{"href":"https:\/\/playrock.pl\/index.php?rest_route=%2Fwp%2Fv2%2Fmedia&parent=132442"}],"wp:term":[{"taxonomy":"product_cat","embeddable":true,"href":"https:\/\/playrock.pl\/index.php?rest_route=%2Fwp%2Fv2%2Fproduct_cat&post=132442"},{"taxonomy":"product_tag","embeddable":true,"href":"https:\/\/playrock.pl\/index.php?rest_route=%2Fwp%2Fv2%2Fproduct_tag&post=132442"}],"curies":[{"name":"wp","href":"https:\/\/api.w.org\/{rel}","templated":true}]}}