{"id":126604,"date":"2025-11-26T00:14:36","date_gmt":"2025-11-25T23:14:36","guid":{"rendered":"https:\/\/playrock.pl\/?product=goldo-usg03-slider-przelacznik-3-pozycyjny-przelacznik-3-pozycyjny"},"modified":"2025-11-26T00:14:36","modified_gmt":"2025-11-25T23:14:36","slug":"goldo-usg03-slider-przelacznik-3-pozycyjny-przelacznik-3-pozycyjny","status":"publish","type":"product","link":"https:\/\/playrock.pl\/?product=goldo-usg03-slider-przelacznik-3-pozycyjny-przelacznik-3-pozycyjny","title":{"rendered":"Goldo USG03 &#8211; Slider&#8221; prze\u0142\u0105cznik 3 &#8211; pozycyjny &#8211; prze\u0142\u0105cznik 3 &#8211; pozycyjny"},"content":{"rendered":"<p><span style=\"vertical-align: inherit;\"><span style=\"vertical-align: inherit;\"><\/span><\/span><\/p>\n","protected":false},"excerpt":{"rendered":"","protected":false},"featured_media":126605,"template":"","meta":[],"product_cat":[4268],"product_tag":[3356],"class_list":{"0":"post-126604","1":"product","2":"type-product","3":"status-publish","4":"has-post-thumbnail","6":"product_cat-kategoria-tymczasowa","7":"product_tag-goldo","8":"pa_marka-goldo","10":"first","11":"instock","12":"purchasable","13":"product-type-simple"},"_links":{"self":[{"href":"https:\/\/playrock.pl\/index.php?rest_route=\/wp\/v2\/product\/126604","targetHints":{"allow":["GET"]}}],"collection":[{"href":"https:\/\/playrock.pl\/index.php?rest_route=\/wp\/v2\/product"}],"about":[{"href":"https:\/\/playrock.pl\/index.php?rest_route=\/wp\/v2\/types\/product"}],"version-history":[{"count":0,"href":"https:\/\/playrock.pl\/index.php?rest_route=\/wp\/v2\/product\/126604\/revisions"}],"wp:featuredmedia":[{"embeddable":true,"href":"https:\/\/playrock.pl\/index.php?rest_route=\/wp\/v2\/media\/126605"}],"wp:attachment":[{"href":"https:\/\/playrock.pl\/index.php?rest_route=%2Fwp%2Fv2%2Fmedia&parent=126604"}],"wp:term":[{"taxonomy":"product_cat","embeddable":true,"href":"https:\/\/playrock.pl\/index.php?rest_route=%2Fwp%2Fv2%2Fproduct_cat&post=126604"},{"taxonomy":"product_tag","embeddable":true,"href":"https:\/\/playrock.pl\/index.php?rest_route=%2Fwp%2Fv2%2Fproduct_tag&post=126604"}],"curies":[{"name":"wp","href":"https:\/\/api.w.org\/{rel}","templated":true}]}}