{"id":126263,"date":"2025-12-05T00:07:26","date_gmt":"2025-12-04T23:07:26","guid":{"rendered":"https:\/\/playrock.pl\/?product=goldo-nt536-siodelko-gryfu-bez-naciec"},"modified":"2025-12-05T00:07:26","modified_gmt":"2025-12-04T23:07:26","slug":"goldo-nt536-siodelko-gryfu-bez-naciec","status":"publish","type":"product","link":"https:\/\/playrock.pl\/?product=goldo-nt536-siodelko-gryfu-bez-naciec","title":{"rendered":"Goldo NT536 &#8211; siode\u0142ko gryfu bez naci\u0119\u0107"},"content":{"rendered":"<p><span style=\"vertical-align: inherit;\"><span style=\"vertical-align: inherit;\"><\/span><\/span><\/p>\n","protected":false},"excerpt":{"rendered":"","protected":false},"featured_media":126264,"template":"","meta":[],"product_cat":[4268],"product_tag":[3356],"class_list":{"0":"post-126263","1":"product","2":"type-product","3":"status-publish","4":"has-post-thumbnail","6":"product_cat-kategoria-tymczasowa","7":"product_tag-goldo","8":"pa_marka-goldo","10":"first","11":"instock","12":"purchasable","13":"product-type-simple"},"_links":{"self":[{"href":"https:\/\/playrock.pl\/index.php?rest_route=\/wp\/v2\/product\/126263","targetHints":{"allow":["GET"]}}],"collection":[{"href":"https:\/\/playrock.pl\/index.php?rest_route=\/wp\/v2\/product"}],"about":[{"href":"https:\/\/playrock.pl\/index.php?rest_route=\/wp\/v2\/types\/product"}],"version-history":[{"count":0,"href":"https:\/\/playrock.pl\/index.php?rest_route=\/wp\/v2\/product\/126263\/revisions"}],"wp:featuredmedia":[{"embeddable":true,"href":"https:\/\/playrock.pl\/index.php?rest_route=\/wp\/v2\/media\/126264"}],"wp:attachment":[{"href":"https:\/\/playrock.pl\/index.php?rest_route=%2Fwp%2Fv2%2Fmedia&parent=126263"}],"wp:term":[{"taxonomy":"product_cat","embeddable":true,"href":"https:\/\/playrock.pl\/index.php?rest_route=%2Fwp%2Fv2%2Fproduct_cat&post=126263"},{"taxonomy":"product_tag","embeddable":true,"href":"https:\/\/playrock.pl\/index.php?rest_route=%2Fwp%2Fv2%2Fproduct_tag&post=126263"}],"curies":[{"name":"wp","href":"https:\/\/api.w.org\/{rel}","templated":true}]}}