{"id":126005,"date":"2026-02-10T00:06:55","date_gmt":"2026-02-09T23:06:55","guid":{"rendered":"https:\/\/playrock.pl\/?product=goldo-elf4p-przelacznik-nozny"},"modified":"2026-02-10T00:06:56","modified_gmt":"2026-02-09T23:06:56","slug":"goldo-elf4p-przelacznik-nozny","status":"publish","type":"product","link":"https:\/\/playrock.pl\/?product=goldo-elf4p-przelacznik-nozny","title":{"rendered":"Goldo ELF4P &#8211; prze\u0142\u0105cznik no\u017cny"},"content":{"rendered":"<p><span style=\"vertical-align: inherit;\"><span style=\"vertical-align: inherit;\"><\/span><\/span><\/p>\n","protected":false},"excerpt":{"rendered":"","protected":false},"featured_media":126006,"template":"","meta":[],"product_cat":[4268],"product_tag":[3356],"class_list":{"0":"post-126005","1":"product","2":"type-product","3":"status-publish","4":"has-post-thumbnail","6":"product_cat-kategoria-tymczasowa","7":"product_tag-goldo","8":"pa_marka-goldo","10":"first","11":"instock","12":"purchasable","13":"product-type-simple"},"_links":{"self":[{"href":"https:\/\/playrock.pl\/index.php?rest_route=\/wp\/v2\/product\/126005","targetHints":{"allow":["GET"]}}],"collection":[{"href":"https:\/\/playrock.pl\/index.php?rest_route=\/wp\/v2\/product"}],"about":[{"href":"https:\/\/playrock.pl\/index.php?rest_route=\/wp\/v2\/types\/product"}],"version-history":[{"count":0,"href":"https:\/\/playrock.pl\/index.php?rest_route=\/wp\/v2\/product\/126005\/revisions"}],"wp:featuredmedia":[{"embeddable":true,"href":"https:\/\/playrock.pl\/index.php?rest_route=\/wp\/v2\/media\/126006"}],"wp:attachment":[{"href":"https:\/\/playrock.pl\/index.php?rest_route=%2Fwp%2Fv2%2Fmedia&parent=126005"}],"wp:term":[{"taxonomy":"product_cat","embeddable":true,"href":"https:\/\/playrock.pl\/index.php?rest_route=%2Fwp%2Fv2%2Fproduct_cat&post=126005"},{"taxonomy":"product_tag","embeddable":true,"href":"https:\/\/playrock.pl\/index.php?rest_route=%2Fwp%2Fv2%2Fproduct_tag&post=126005"}],"curies":[{"name":"wp","href":"https:\/\/api.w.org\/{rel}","templated":true}]}}