{"id":125891,"date":"2025-12-18T03:22:59","date_gmt":"2025-12-18T02:22:59","guid":{"rendered":"https:\/\/playrock.pl\/?product=goldo-bwj2c-plytka-gniazda-jack-wklesla"},"modified":"2025-12-18T03:23:04","modified_gmt":"2025-12-18T02:23:04","slug":"goldo-bwj2c-plytka-gniazda-jack-wklesla","status":"publish","type":"product","link":"https:\/\/playrock.pl\/?product=goldo-bwj2c-plytka-gniazda-jack-wklesla","title":{"rendered":"Goldo BWJ2C &#8211; p\u0142ytka gniazda jack &#8211; wkl\u0119s\u0142a"},"content":{"rendered":"<p><span style=\"vertical-align: inherit;\"><span style=\"vertical-align: inherit;\"><\/span><\/span><\/p>\n","protected":false},"excerpt":{"rendered":"","protected":false},"featured_media":130604,"template":"","meta":[],"product_cat":[4117,3831,3830],"product_tag":[3356],"class_list":{"0":"post-125891","1":"product","2":"type-product","3":"status-publish","4":"has-post-thumbnail","6":"product_cat-pozostale-akcesoria-gitarowe","7":"product_cat-akcesoria-gitarowe","8":"product_cat-gitary-i-akcesoria","9":"product_tag-goldo","10":"pa_marka-goldo","12":"first","13":"instock","14":"purchasable","15":"product-type-simple"},"_links":{"self":[{"href":"https:\/\/playrock.pl\/index.php?rest_route=\/wp\/v2\/product\/125891","targetHints":{"allow":["GET"]}}],"collection":[{"href":"https:\/\/playrock.pl\/index.php?rest_route=\/wp\/v2\/product"}],"about":[{"href":"https:\/\/playrock.pl\/index.php?rest_route=\/wp\/v2\/types\/product"}],"version-history":[{"count":0,"href":"https:\/\/playrock.pl\/index.php?rest_route=\/wp\/v2\/product\/125891\/revisions"}],"wp:featuredmedia":[{"embeddable":true,"href":"https:\/\/playrock.pl\/index.php?rest_route=\/wp\/v2\/media\/130604"}],"wp:attachment":[{"href":"https:\/\/playrock.pl\/index.php?rest_route=%2Fwp%2Fv2%2Fmedia&parent=125891"}],"wp:term":[{"taxonomy":"product_cat","embeddable":true,"href":"https:\/\/playrock.pl\/index.php?rest_route=%2Fwp%2Fv2%2Fproduct_cat&post=125891"},{"taxonomy":"product_tag","embeddable":true,"href":"https:\/\/playrock.pl\/index.php?rest_route=%2Fwp%2Fv2%2Fproduct_tag&post=125891"}],"curies":[{"name":"wp","href":"https:\/\/api.w.org\/{rel}","templated":true}]}}