{"id":125887,"date":"2025-12-18T03:20:49","date_gmt":"2025-12-18T02:20:49","guid":{"rendered":"https:\/\/playrock.pl\/?product=goldo-elt1w-nakladka-przelacznika-typu-tl"},"modified":"2025-12-18T03:20:51","modified_gmt":"2025-12-18T02:20:51","slug":"goldo-elt1w-nakladka-przelacznika-typu-tl","status":"publish","type":"product","link":"https:\/\/playrock.pl\/?product=goldo-elt1w-nakladka-przelacznika-typu-tl","title":{"rendered":"Goldo ELT1W &#8211; nak\u0142adka prze\u0142\u0105cznika typu TL"},"content":{"rendered":"<p><span style=\"vertical-align: inherit;\"><span style=\"vertical-align: inherit;\"><\/span><\/span><\/p>\n","protected":false},"excerpt":{"rendered":"","protected":false},"featured_media":130586,"template":"","meta":[],"product_cat":[4189,3831,3830],"product_tag":[3356],"class_list":{"0":"post-125887","1":"product","2":"type-product","3":"status-publish","4":"has-post-thumbnail","6":"product_cat-potencjometry-i-przelaczniki-gitarowe","7":"product_cat-akcesoria-gitarowe","8":"product_cat-gitary-i-akcesoria","9":"product_tag-goldo","10":"pa_marka-goldo","12":"first","13":"instock","14":"purchasable","15":"product-type-simple"},"_links":{"self":[{"href":"https:\/\/playrock.pl\/index.php?rest_route=\/wp\/v2\/product\/125887","targetHints":{"allow":["GET"]}}],"collection":[{"href":"https:\/\/playrock.pl\/index.php?rest_route=\/wp\/v2\/product"}],"about":[{"href":"https:\/\/playrock.pl\/index.php?rest_route=\/wp\/v2\/types\/product"}],"version-history":[{"count":0,"href":"https:\/\/playrock.pl\/index.php?rest_route=\/wp\/v2\/product\/125887\/revisions"}],"wp:featuredmedia":[{"embeddable":true,"href":"https:\/\/playrock.pl\/index.php?rest_route=\/wp\/v2\/media\/130586"}],"wp:attachment":[{"href":"https:\/\/playrock.pl\/index.php?rest_route=%2Fwp%2Fv2%2Fmedia&parent=125887"}],"wp:term":[{"taxonomy":"product_cat","embeddable":true,"href":"https:\/\/playrock.pl\/index.php?rest_route=%2Fwp%2Fv2%2Fproduct_cat&post=125887"},{"taxonomy":"product_tag","embeddable":true,"href":"https:\/\/playrock.pl\/index.php?rest_route=%2Fwp%2Fv2%2Fproduct_tag&post=125887"}],"curies":[{"name":"wp","href":"https:\/\/api.w.org\/{rel}","templated":true}]}}