{"id":125874,"date":"2025-12-18T02:28:34","date_gmt":"2025-12-18T01:28:34","guid":{"rendered":"https:\/\/playrock.pl\/?product=goldo-np05g-plytka-mocowania-gryfu"},"modified":"2025-12-18T02:28:36","modified_gmt":"2025-12-18T01:28:36","slug":"goldo-np05g-plytka-mocowania-gryfu","status":"publish","type":"product","link":"https:\/\/playrock.pl\/?product=goldo-np05g-plytka-mocowania-gryfu","title":{"rendered":"Goldo NP05G &#8211; p\u0142ytka mocowania gryfu"},"content":{"rendered":"<p><span style=\"vertical-align: inherit;\"><span style=\"vertical-align: inherit;\"><\/span><\/span><\/p>\n","protected":false},"excerpt":{"rendered":"<p>P\u0142ytka &#8222;Vintage&#8221; F-Type. Do po\u0142\u0105cze\u0144 typu bolt-on.<\/p>\n","protected":false},"featured_media":129846,"template":"","meta":[],"product_cat":[3831,3830,4117],"product_tag":[3356],"class_list":{"0":"post-125874","1":"product","2":"type-product","3":"status-publish","4":"has-post-thumbnail","6":"product_cat-akcesoria-gitarowe","7":"product_cat-gitary-i-akcesoria","8":"product_cat-pozostale-akcesoria-gitarowe","9":"product_tag-goldo","10":"pa_marka-goldo","12":"first","13":"instock","14":"purchasable","15":"product-type-simple"},"_links":{"self":[{"href":"https:\/\/playrock.pl\/index.php?rest_route=\/wp\/v2\/product\/125874","targetHints":{"allow":["GET"]}}],"collection":[{"href":"https:\/\/playrock.pl\/index.php?rest_route=\/wp\/v2\/product"}],"about":[{"href":"https:\/\/playrock.pl\/index.php?rest_route=\/wp\/v2\/types\/product"}],"version-history":[{"count":0,"href":"https:\/\/playrock.pl\/index.php?rest_route=\/wp\/v2\/product\/125874\/revisions"}],"wp:featuredmedia":[{"embeddable":true,"href":"https:\/\/playrock.pl\/index.php?rest_route=\/wp\/v2\/media\/129846"}],"wp:attachment":[{"href":"https:\/\/playrock.pl\/index.php?rest_route=%2Fwp%2Fv2%2Fmedia&parent=125874"}],"wp:term":[{"taxonomy":"product_cat","embeddable":true,"href":"https:\/\/playrock.pl\/index.php?rest_route=%2Fwp%2Fv2%2Fproduct_cat&post=125874"},{"taxonomy":"product_tag","embeddable":true,"href":"https:\/\/playrock.pl\/index.php?rest_route=%2Fwp%2Fv2%2Fproduct_tag&post=125874"}],"curies":[{"name":"wp","href":"https:\/\/api.w.org\/{rel}","templated":true}]}}