{"id":124364,"date":"2025-12-18T06:34:54","date_gmt":"2025-12-18T05:34:54","guid":{"rendered":"https:\/\/playrock.pl\/?product=sommer-cable-me25-225-0500-sw-kabel-glosnikowy-5m"},"modified":"2025-12-18T06:34:55","modified_gmt":"2025-12-18T05:34:55","slug":"sommer-cable-me25-225-0500-sw-kabel-glosnikowy-5m","status":"publish","type":"product","link":"https:\/\/playrock.pl\/?product=sommer-cable-me25-225-0500-sw-kabel-glosnikowy-5m","title":{"rendered":"Sommer Cable ME25-225-0500-SW &#8211; kabel g\u0142o\u015bnikowy 5m"},"content":{"rendered":"<p><span style=\"vertical-align: inherit;\"><span style=\"vertical-align: inherit;\"><\/span><\/span><\/p>\n","protected":false},"excerpt":{"rendered":"<p>G\u0142o\u015bnikowy kabel z serii Meridian o d\u0142ugo\u015bci 10m NEUTRIK<\/p>\n","protected":false},"featured_media":132195,"template":"","meta":[],"product_cat":[4151,4177,4140],"product_tag":[918],"class_list":{"0":"post-124364","1":"product","2":"type-product","3":"status-publish","4":"has-post-thumbnail","6":"product_cat-akcesoria-naglosnieniowe","7":"product_cat-kable-kolumnowe-akcesoria-naglosnieniowe","8":"product_cat-sprzet-naglosnieniowy","9":"product_tag-sommer-cable","10":"pa_marka-sommer-cable","12":"first","13":"instock","14":"purchasable","15":"product-type-simple"},"_links":{"self":[{"href":"https:\/\/playrock.pl\/index.php?rest_route=\/wp\/v2\/product\/124364","targetHints":{"allow":["GET"]}}],"collection":[{"href":"https:\/\/playrock.pl\/index.php?rest_route=\/wp\/v2\/product"}],"about":[{"href":"https:\/\/playrock.pl\/index.php?rest_route=\/wp\/v2\/types\/product"}],"version-history":[{"count":0,"href":"https:\/\/playrock.pl\/index.php?rest_route=\/wp\/v2\/product\/124364\/revisions"}],"wp:featuredmedia":[{"embeddable":true,"href":"https:\/\/playrock.pl\/index.php?rest_route=\/wp\/v2\/media\/132195"}],"wp:attachment":[{"href":"https:\/\/playrock.pl\/index.php?rest_route=%2Fwp%2Fv2%2Fmedia&parent=124364"}],"wp:term":[{"taxonomy":"product_cat","embeddable":true,"href":"https:\/\/playrock.pl\/index.php?rest_route=%2Fwp%2Fv2%2Fproduct_cat&post=124364"},{"taxonomy":"product_tag","embeddable":true,"href":"https:\/\/playrock.pl\/index.php?rest_route=%2Fwp%2Fv2%2Fproduct_tag&post=124364"}],"curies":[{"name":"wp","href":"https:\/\/api.w.org\/{rel}","templated":true}]}}