{"id":122889,"date":"2025-12-18T01:44:30","date_gmt":"2025-12-18T00:44:30","guid":{"rendered":"https:\/\/playrock.pl\/?product=fbt-style-s50-glosnik-scienny"},"modified":"2025-12-18T01:44:31","modified_gmt":"2025-12-18T00:44:31","slug":"fbt-style-s50-glosnik-scienny","status":"publish","type":"product","link":"https:\/\/playrock.pl\/?product=fbt-style-s50-glosnik-scienny","title":{"rendered":"FBT Style S50 &#8211; g\u0142o\u015bnik \u015bcienny"},"content":{"rendered":"<p><span style=\"vertical-align: inherit;\"><span style=\"vertical-align: inherit;\"><\/span><\/span><\/p>\n","protected":false},"excerpt":{"rendered":"","protected":false},"featured_media":129072,"template":"","meta":[],"product_cat":[4238,4226,4239],"product_tag":[4279],"class_list":{"0":"post-122889","1":"product","2":"type-product","3":"status-publish","4":"has-post-thumbnail","6":"product_cat-systemy-glosnikowe","7":"product_cat-systemy-radiowezlowe-i-rozgloszeniowe-100v","8":"product_cat-wewnetrzne-systemy-glosnikowe","9":"product_tag-fbt","10":"pa_marka-fbt","12":"first","13":"instock","14":"purchasable","15":"product-type-simple"},"_links":{"self":[{"href":"https:\/\/playrock.pl\/index.php?rest_route=\/wp\/v2\/product\/122889","targetHints":{"allow":["GET"]}}],"collection":[{"href":"https:\/\/playrock.pl\/index.php?rest_route=\/wp\/v2\/product"}],"about":[{"href":"https:\/\/playrock.pl\/index.php?rest_route=\/wp\/v2\/types\/product"}],"version-history":[{"count":0,"href":"https:\/\/playrock.pl\/index.php?rest_route=\/wp\/v2\/product\/122889\/revisions"}],"wp:featuredmedia":[{"embeddable":true,"href":"https:\/\/playrock.pl\/index.php?rest_route=\/wp\/v2\/media\/129072"}],"wp:attachment":[{"href":"https:\/\/playrock.pl\/index.php?rest_route=%2Fwp%2Fv2%2Fmedia&parent=122889"}],"wp:term":[{"taxonomy":"product_cat","embeddable":true,"href":"https:\/\/playrock.pl\/index.php?rest_route=%2Fwp%2Fv2%2Fproduct_cat&post=122889"},{"taxonomy":"product_tag","embeddable":true,"href":"https:\/\/playrock.pl\/index.php?rest_route=%2Fwp%2Fv2%2Fproduct_tag&post=122889"}],"curies":[{"name":"wp","href":"https:\/\/api.w.org\/{rel}","templated":true}]}}