{"id":122745,"date":"2026-01-11T00:02:38","date_gmt":"2026-01-10T23:02:38","guid":{"rendered":"https:\/\/playrock.pl\/?product=fbt-d7p-10-kabel-do-podlaczenia-blokow-konferencyjnych-10m"},"modified":"2026-01-11T00:02:38","modified_gmt":"2026-01-10T23:02:38","slug":"fbt-d7p-10-kabel-do-podlaczenia-blokow-konferencyjnych-10m","status":"publish","type":"product","link":"https:\/\/playrock.pl\/?product=fbt-d7p-10-kabel-do-podlaczenia-blokow-konferencyjnych-10m","title":{"rendered":"FBT D7P-10 &#8211; kabel do pod\u0142\u0105czenia blok\u00f3w konferencyjnych 10m"},"content":{"rendered":"<p><span style=\"vertical-align: inherit;\"><span style=\"vertical-align: inherit;\"><\/span><\/span><\/p>\n","protected":false},"excerpt":{"rendered":"","protected":false},"featured_media":128264,"template":"","meta":[],"product_cat":[4282,4226],"product_tag":[4279],"class_list":{"0":"post-122745","1":"product","2":"type-product","3":"status-publish","4":"has-post-thumbnail","6":"product_cat-systemy-konferencyjne","7":"product_cat-systemy-radiowezlowe-i-rozgloszeniowe-100v","8":"product_tag-fbt","9":"pa_marka-fbt","11":"first","12":"instock","13":"purchasable","14":"product-type-simple"},"_links":{"self":[{"href":"https:\/\/playrock.pl\/index.php?rest_route=\/wp\/v2\/product\/122745","targetHints":{"allow":["GET"]}}],"collection":[{"href":"https:\/\/playrock.pl\/index.php?rest_route=\/wp\/v2\/product"}],"about":[{"href":"https:\/\/playrock.pl\/index.php?rest_route=\/wp\/v2\/types\/product"}],"version-history":[{"count":0,"href":"https:\/\/playrock.pl\/index.php?rest_route=\/wp\/v2\/product\/122745\/revisions"}],"wp:featuredmedia":[{"embeddable":true,"href":"https:\/\/playrock.pl\/index.php?rest_route=\/wp\/v2\/media\/128264"}],"wp:attachment":[{"href":"https:\/\/playrock.pl\/index.php?rest_route=%2Fwp%2Fv2%2Fmedia&parent=122745"}],"wp:term":[{"taxonomy":"product_cat","embeddable":true,"href":"https:\/\/playrock.pl\/index.php?rest_route=%2Fwp%2Fv2%2Fproduct_cat&post=122745"},{"taxonomy":"product_tag","embeddable":true,"href":"https:\/\/playrock.pl\/index.php?rest_route=%2Fwp%2Fv2%2Fproduct_tag&post=122745"}],"curies":[{"name":"wp","href":"https:\/\/api.w.org\/{rel}","templated":true}]}}