{"id":122652,"date":"2025-12-18T00:54:24","date_gmt":"2025-12-17T23:54:24","guid":{"rendered":"https:\/\/playrock.pl\/?product=fbt-d7pdm-1-kabel-do-podlaczenia-blokow-konferencyjnych"},"modified":"2025-12-18T00:54:25","modified_gmt":"2025-12-17T23:54:25","slug":"fbt-d7pdm-1-kabel-do-podlaczenia-blokow-konferencyjnych","status":"publish","type":"product","link":"https:\/\/playrock.pl\/?product=fbt-d7pdm-1-kabel-do-podlaczenia-blokow-konferencyjnych","title":{"rendered":"FBT D7PDM-1 &#8211; kabel do pod\u0142\u0105czenia blok\u00f3w konferencyjnych"},"content":{"rendered":"<p><span style=\"vertical-align: inherit;\"><span style=\"vertical-align: inherit;\"><\/span><\/span><\/p>\n","protected":false},"excerpt":{"rendered":"","protected":false},"featured_media":127985,"template":"","meta":[],"product_cat":[4282,4226],"product_tag":[4279],"class_list":{"0":"post-122652","1":"product","2":"type-product","3":"status-publish","4":"has-post-thumbnail","6":"product_cat-systemy-konferencyjne","7":"product_cat-systemy-radiowezlowe-i-rozgloszeniowe-100v","8":"product_tag-fbt","9":"pa_marka-fbt","11":"first","12":"instock","13":"purchasable","14":"product-type-simple"},"_links":{"self":[{"href":"https:\/\/playrock.pl\/index.php?rest_route=\/wp\/v2\/product\/122652","targetHints":{"allow":["GET"]}}],"collection":[{"href":"https:\/\/playrock.pl\/index.php?rest_route=\/wp\/v2\/product"}],"about":[{"href":"https:\/\/playrock.pl\/index.php?rest_route=\/wp\/v2\/types\/product"}],"version-history":[{"count":0,"href":"https:\/\/playrock.pl\/index.php?rest_route=\/wp\/v2\/product\/122652\/revisions"}],"wp:featuredmedia":[{"embeddable":true,"href":"https:\/\/playrock.pl\/index.php?rest_route=\/wp\/v2\/media\/127985"}],"wp:attachment":[{"href":"https:\/\/playrock.pl\/index.php?rest_route=%2Fwp%2Fv2%2Fmedia&parent=122652"}],"wp:term":[{"taxonomy":"product_cat","embeddable":true,"href":"https:\/\/playrock.pl\/index.php?rest_route=%2Fwp%2Fv2%2Fproduct_cat&post=122652"},{"taxonomy":"product_tag","embeddable":true,"href":"https:\/\/playrock.pl\/index.php?rest_route=%2Fwp%2Fv2%2Fproduct_tag&post=122652"}],"curies":[{"name":"wp","href":"https:\/\/api.w.org\/{rel}","templated":true}]}}