{"id":122570,"date":"2025-12-18T00:26:52","date_gmt":"2025-12-17T23:26:52","guid":{"rendered":"https:\/\/playrock.pl\/?product=fbt-style-s-80-glosnik-scienny"},"modified":"2025-12-18T00:26:53","modified_gmt":"2025-12-17T23:26:53","slug":"fbt-style-s-80-glosnik-scienny","status":"publish","type":"product","link":"https:\/\/playrock.pl\/?product=fbt-style-s-80-glosnik-scienny","title":{"rendered":"FBT Style S-80 &#8211; g\u0142o\u015bnik \u015bcienny"},"content":{"rendered":"<p><span style=\"vertical-align: inherit;\"><span style=\"vertical-align: inherit;\"><\/span><\/span><\/p>\n","protected":false},"excerpt":{"rendered":"","protected":false},"featured_media":127287,"template":"","meta":[],"product_cat":[4238,4226,4239],"product_tag":[4279],"class_list":{"0":"post-122570","1":"product","2":"type-product","3":"status-publish","4":"has-post-thumbnail","6":"product_cat-systemy-glosnikowe","7":"product_cat-systemy-radiowezlowe-i-rozgloszeniowe-100v","8":"product_cat-wewnetrzne-systemy-glosnikowe","9":"product_tag-fbt","10":"pa_marka-fbt","12":"first","13":"instock","14":"purchasable","15":"product-type-simple"},"_links":{"self":[{"href":"https:\/\/playrock.pl\/index.php?rest_route=\/wp\/v2\/product\/122570","targetHints":{"allow":["GET"]}}],"collection":[{"href":"https:\/\/playrock.pl\/index.php?rest_route=\/wp\/v2\/product"}],"about":[{"href":"https:\/\/playrock.pl\/index.php?rest_route=\/wp\/v2\/types\/product"}],"version-history":[{"count":0,"href":"https:\/\/playrock.pl\/index.php?rest_route=\/wp\/v2\/product\/122570\/revisions"}],"wp:featuredmedia":[{"embeddable":true,"href":"https:\/\/playrock.pl\/index.php?rest_route=\/wp\/v2\/media\/127287"}],"wp:attachment":[{"href":"https:\/\/playrock.pl\/index.php?rest_route=%2Fwp%2Fv2%2Fmedia&parent=122570"}],"wp:term":[{"taxonomy":"product_cat","embeddable":true,"href":"https:\/\/playrock.pl\/index.php?rest_route=%2Fwp%2Fv2%2Fproduct_cat&post=122570"},{"taxonomy":"product_tag","embeddable":true,"href":"https:\/\/playrock.pl\/index.php?rest_route=%2Fwp%2Fv2%2Fproduct_tag&post=122570"}],"curies":[{"name":"wp","href":"https:\/\/api.w.org\/{rel}","templated":true}]}}