{"id":122554,"date":"2025-12-18T00:26:46","date_gmt":"2025-12-17T23:26:46","guid":{"rendered":"https:\/\/playrock.pl\/?product=fbt-gs-20-t-glosnik-zewnetrzny"},"modified":"2025-12-18T00:26:48","modified_gmt":"2025-12-17T23:26:48","slug":"fbt-gs-20-t-glosnik-zewnetrzny","status":"publish","type":"product","link":"https:\/\/playrock.pl\/?product=fbt-gs-20-t-glosnik-zewnetrzny","title":{"rendered":"FBT GS-20-T &#8211; g\u0142o\u015bnik zewn\u0119trzny"},"content":{"rendered":"<p><span style=\"vertical-align: inherit;\"><span style=\"vertical-align: inherit;\"><\/span><\/span><\/p>\n","protected":false},"excerpt":{"rendered":"","protected":false},"featured_media":127279,"template":"","meta":[],"product_cat":[4238,4226,4280],"product_tag":[4279],"class_list":{"0":"post-122554","1":"product","2":"type-product","3":"status-publish","4":"has-post-thumbnail","6":"product_cat-systemy-glosnikowe","7":"product_cat-systemy-radiowezlowe-i-rozgloszeniowe-100v","8":"product_cat-zewnetrzne-systemy-glosnikowe","9":"product_tag-fbt","10":"pa_marka-fbt","12":"first","13":"instock","14":"purchasable","15":"product-type-simple"},"_links":{"self":[{"href":"https:\/\/playrock.pl\/index.php?rest_route=\/wp\/v2\/product\/122554","targetHints":{"allow":["GET"]}}],"collection":[{"href":"https:\/\/playrock.pl\/index.php?rest_route=\/wp\/v2\/product"}],"about":[{"href":"https:\/\/playrock.pl\/index.php?rest_route=\/wp\/v2\/types\/product"}],"version-history":[{"count":0,"href":"https:\/\/playrock.pl\/index.php?rest_route=\/wp\/v2\/product\/122554\/revisions"}],"wp:featuredmedia":[{"embeddable":true,"href":"https:\/\/playrock.pl\/index.php?rest_route=\/wp\/v2\/media\/127279"}],"wp:attachment":[{"href":"https:\/\/playrock.pl\/index.php?rest_route=%2Fwp%2Fv2%2Fmedia&parent=122554"}],"wp:term":[{"taxonomy":"product_cat","embeddable":true,"href":"https:\/\/playrock.pl\/index.php?rest_route=%2Fwp%2Fv2%2Fproduct_cat&post=122554"},{"taxonomy":"product_tag","embeddable":true,"href":"https:\/\/playrock.pl\/index.php?rest_route=%2Fwp%2Fv2%2Fproduct_tag&post=122554"}],"curies":[{"name":"wp","href":"https:\/\/api.w.org\/{rel}","templated":true}]}}