{"id":120213,"date":"2026-03-03T00:14:12","date_gmt":"2026-03-02T23:14:12","guid":{"rendered":"https:\/\/playrock.pl\/?product=soundsation-jukey-610-keyboard"},"modified":"2026-03-03T00:14:13","modified_gmt":"2026-03-02T23:14:13","slug":"soundsation-jukey-610-keyboard","status":"publish","type":"product","link":"https:\/\/playrock.pl\/?product=soundsation-jukey-610-keyboard","title":{"rendered":"Soundsation JUKEY 610 &#8211; keyboard"},"content":{"rendered":"<p><span style=\"vertical-align: inherit;\"><span style=\"vertical-align: inherit;\"><\/span><\/span><\/p>\n","protected":false},"excerpt":{"rendered":"<p>Keyboard doskona\u0142y dla poczatkuj\u0105cych. Posiada 61 dynamicznych klawiszy i mn\u00f3stwo brzmie\u0144 oraz akompaniament\u00f3w, co daje mo\u017cliwo\u015b\u0107 zabawy z r\u00f3\u017cnymi gatunkami muzycznymi.<\/p>\n","protected":false},"featured_media":129825,"template":"","meta":[],"product_cat":[3847,3958],"product_tag":[913],"class_list":{"0":"post-120213","1":"product","2":"type-product","3":"status-publish","4":"has-post-thumbnail","6":"product_cat-instrumenty-klawiszowe","7":"product_cat-keyboardy","8":"product_tag-soundsation","9":"pa_marka-soundsation","11":"first","12":"instock","13":"purchasable","14":"product-type-simple"},"_links":{"self":[{"href":"https:\/\/playrock.pl\/index.php?rest_route=\/wp\/v2\/product\/120213","targetHints":{"allow":["GET"]}}],"collection":[{"href":"https:\/\/playrock.pl\/index.php?rest_route=\/wp\/v2\/product"}],"about":[{"href":"https:\/\/playrock.pl\/index.php?rest_route=\/wp\/v2\/types\/product"}],"version-history":[{"count":0,"href":"https:\/\/playrock.pl\/index.php?rest_route=\/wp\/v2\/product\/120213\/revisions"}],"wp:featuredmedia":[{"embeddable":true,"href":"https:\/\/playrock.pl\/index.php?rest_route=\/wp\/v2\/media\/129825"}],"wp:attachment":[{"href":"https:\/\/playrock.pl\/index.php?rest_route=%2Fwp%2Fv2%2Fmedia&parent=120213"}],"wp:term":[{"taxonomy":"product_cat","embeddable":true,"href":"https:\/\/playrock.pl\/index.php?rest_route=%2Fwp%2Fv2%2Fproduct_cat&post=120213"},{"taxonomy":"product_tag","embeddable":true,"href":"https:\/\/playrock.pl\/index.php?rest_route=%2Fwp%2Fv2%2Fproduct_tag&post=120213"}],"curies":[{"name":"wp","href":"https:\/\/api.w.org\/{rel}","templated":true}]}}