{"id":112416,"date":"2026-02-07T00:06:48","date_gmt":"2026-02-06T23:06:48","guid":{"rendered":"https:\/\/playrock.pl\/?product=centolight-zephiro-1500-low-fog-wytwornica-dymu-ciezkiego"},"modified":"2026-02-07T00:06:48","modified_gmt":"2026-02-06T23:06:48","slug":"centolight-zephiro-1500-low-fog-wytwornica-dymu-ciezkiego","status":"publish","type":"product","link":"https:\/\/playrock.pl\/?product=centolight-zephiro-1500-low-fog-wytwornica-dymu-ciezkiego","title":{"rendered":"CentoLight Zephiro 1500 LOW FOG &#8211; wytwornica dymu ci\u0119\u017ckiego"},"content":{"rendered":"<p><span style=\"vertical-align: inherit;\"><span style=\"vertical-align: inherit;\"><\/span><\/span><\/p>\n","protected":false},"excerpt":{"rendered":"<p>Zephiro Fog 1500 to pot\u0119\u017cna a zarazem kompaktowa wytwornica mg\u0142y; przeznaczona do profesjonalnych zastosowa\u0144 scenicznych \u015bredniej wielko\u015bci. Wyposa\u017cona w sterowanie przewodowe i bezprzewodowe.<\/p>\n","protected":false},"featured_media":131299,"template":"","meta":[],"product_cat":[4199,4232],"product_tag":[4254],"class_list":{"0":"post-112416","1":"product","2":"type-product","3":"status-publish","4":"has-post-thumbnail","6":"product_cat-oswietlenie","7":"product_cat-wytwornice-oswietlenie","8":"product_tag-centolight","9":"pa_marka-centolight","11":"first","12":"instock","13":"purchasable","14":"product-type-simple"},"_links":{"self":[{"href":"https:\/\/playrock.pl\/index.php?rest_route=\/wp\/v2\/product\/112416","targetHints":{"allow":["GET"]}}],"collection":[{"href":"https:\/\/playrock.pl\/index.php?rest_route=\/wp\/v2\/product"}],"about":[{"href":"https:\/\/playrock.pl\/index.php?rest_route=\/wp\/v2\/types\/product"}],"version-history":[{"count":0,"href":"https:\/\/playrock.pl\/index.php?rest_route=\/wp\/v2\/product\/112416\/revisions"}],"wp:featuredmedia":[{"embeddable":true,"href":"https:\/\/playrock.pl\/index.php?rest_route=\/wp\/v2\/media\/131299"}],"wp:attachment":[{"href":"https:\/\/playrock.pl\/index.php?rest_route=%2Fwp%2Fv2%2Fmedia&parent=112416"}],"wp:term":[{"taxonomy":"product_cat","embeddable":true,"href":"https:\/\/playrock.pl\/index.php?rest_route=%2Fwp%2Fv2%2Fproduct_cat&post=112416"},{"taxonomy":"product_tag","embeddable":true,"href":"https:\/\/playrock.pl\/index.php?rest_route=%2Fwp%2Fv2%2Fproduct_tag&post=112416"}],"curies":[{"name":"wp","href":"https:\/\/api.w.org\/{rel}","templated":true}]}}