{"id":111354,"date":"2026-02-25T00:04:27","date_gmt":"2026-02-24T23:04:27","guid":{"rendered":"https:\/\/playrock.pl\/?product=valeton-vgc-5bk-kabel-instrumentalny-5m"},"modified":"2026-02-25T00:04:27","modified_gmt":"2026-02-24T23:04:27","slug":"valeton-vgc-5bk-kabel-instrumentalny-5m","status":"publish","type":"product","link":"https:\/\/playrock.pl\/?product=valeton-vgc-5bk-kabel-instrumentalny-5m","title":{"rendered":"Valeton VGC-5BK &#8211; kabel instrumentalny 5m"},"content":{"rendered":"<p><span style=\"vertical-align: inherit;\"><span style=\"vertical-align: inherit;\"><\/span><\/span><\/p>\n","protected":false},"excerpt":{"rendered":"<p>Wysokiej jako\u015bci 5m kabel instrumentalny du\u017cy jack &#8211; du\u017cy jack.<\/p>\n","protected":false},"featured_media":130666,"template":"","meta":[],"product_cat":[4175,4099],"product_tag":[4093],"class_list":{"0":"post-111354","1":"product","2":"type-product","3":"status-publish","4":"has-post-thumbnail","6":"product_cat-kable-instrumentalne-przewody","7":"product_cat-przewody","8":"product_tag-valeton","9":"pa_marka-valeton","11":"first","12":"instock","13":"purchasable","14":"product-type-simple"},"_links":{"self":[{"href":"https:\/\/playrock.pl\/index.php?rest_route=\/wp\/v2\/product\/111354","targetHints":{"allow":["GET"]}}],"collection":[{"href":"https:\/\/playrock.pl\/index.php?rest_route=\/wp\/v2\/product"}],"about":[{"href":"https:\/\/playrock.pl\/index.php?rest_route=\/wp\/v2\/types\/product"}],"version-history":[{"count":0,"href":"https:\/\/playrock.pl\/index.php?rest_route=\/wp\/v2\/product\/111354\/revisions"}],"wp:featuredmedia":[{"embeddable":true,"href":"https:\/\/playrock.pl\/index.php?rest_route=\/wp\/v2\/media\/130666"}],"wp:attachment":[{"href":"https:\/\/playrock.pl\/index.php?rest_route=%2Fwp%2Fv2%2Fmedia&parent=111354"}],"wp:term":[{"taxonomy":"product_cat","embeddable":true,"href":"https:\/\/playrock.pl\/index.php?rest_route=%2Fwp%2Fv2%2Fproduct_cat&post=111354"},{"taxonomy":"product_tag","embeddable":true,"href":"https:\/\/playrock.pl\/index.php?rest_route=%2Fwp%2Fv2%2Fproduct_tag&post=111354"}],"curies":[{"name":"wp","href":"https:\/\/api.w.org\/{rel}","templated":true}]}}