{"id":111161,"date":"2025-12-18T03:02:31","date_gmt":"2025-12-18T02:02:31","guid":{"rendered":"https:\/\/playrock.pl\/?product=soundsation-checkline-10-bag-pokrowiec-na-checkline-10a"},"modified":"2025-12-18T03:02:31","modified_gmt":"2025-12-18T02:02:31","slug":"soundsation-checkline-10-bag-pokrowiec-na-checkline-10a","status":"publish","type":"product","link":"https:\/\/playrock.pl\/?product=soundsation-checkline-10-bag-pokrowiec-na-checkline-10a","title":{"rendered":"Soundsation Checkline 10 BAG &#8211; pokrowiec na Checkline 10A"},"content":{"rendered":"<p><span style=\"vertical-align: inherit;\"><span style=\"vertical-align: inherit;\"><\/span><\/span><\/p>\n","protected":false},"excerpt":{"rendered":"<p>Pokrowiec ten nie tylko chroni monitor, gdy nie jest u\u017cywany, ale tak\u017ce umo\u017cliwia korzystanie z niego poprzez otwarcie g\u00f3rnej cz\u0119\u015bci za pomoc\u0105 zamka b\u0142yskawicznego oraz bocznego okienka na panelu sterowania zapinanego na rzep.<\/p>\n","protected":false},"featured_media":130344,"template":"","meta":[],"product_cat":[4115,4166,3886],"product_tag":[913],"class_list":{"0":"post-111161","1":"product","2":"type-product","3":"status-publish","4":"has-post-thumbnail","6":"product_cat-miksery-mikrofony-i-naglosnienie","7":"product_cat-pokrowce-i-futeraly-naglosnieniowe","8":"product_cat-mikrofony-i-naglosnienie","9":"product_tag-soundsation","10":"pa_marka-soundsation","12":"first","13":"instock","14":"purchasable","15":"product-type-simple"},"_links":{"self":[{"href":"https:\/\/playrock.pl\/index.php?rest_route=\/wp\/v2\/product\/111161","targetHints":{"allow":["GET"]}}],"collection":[{"href":"https:\/\/playrock.pl\/index.php?rest_route=\/wp\/v2\/product"}],"about":[{"href":"https:\/\/playrock.pl\/index.php?rest_route=\/wp\/v2\/types\/product"}],"version-history":[{"count":0,"href":"https:\/\/playrock.pl\/index.php?rest_route=\/wp\/v2\/product\/111161\/revisions"}],"wp:featuredmedia":[{"embeddable":true,"href":"https:\/\/playrock.pl\/index.php?rest_route=\/wp\/v2\/media\/130344"}],"wp:attachment":[{"href":"https:\/\/playrock.pl\/index.php?rest_route=%2Fwp%2Fv2%2Fmedia&parent=111161"}],"wp:term":[{"taxonomy":"product_cat","embeddable":true,"href":"https:\/\/playrock.pl\/index.php?rest_route=%2Fwp%2Fv2%2Fproduct_cat&post=111161"},{"taxonomy":"product_tag","embeddable":true,"href":"https:\/\/playrock.pl\/index.php?rest_route=%2Fwp%2Fv2%2Fproduct_tag&post=111161"}],"curies":[{"name":"wp","href":"https:\/\/api.w.org\/{rel}","templated":true}]}}