{"id":108029,"date":"2026-03-25T00:08:45","date_gmt":"2026-03-24T23:08:45","guid":{"rendered":"https:\/\/playrock.pl\/?product=valeton-gp-100vt-multiefekt-gitarowy"},"modified":"2026-03-25T00:08:45","modified_gmt":"2026-03-24T23:08:45","slug":"valeton-gp-100vt-multiefekt-gitarowy","status":"publish","type":"product","link":"https:\/\/playrock.pl\/?product=valeton-gp-100vt-multiefekt-gitarowy","title":{"rendered":"Valeton GP-100VT &#8211; multiefekt gitarowy"},"content":{"rendered":"<p><span style=\"vertical-align: inherit;\"><span style=\"vertical-align: inherit;\"><\/span><\/span><\/p>\n","protected":false},"excerpt":{"rendered":"<p>Valeton GP-100VT do przyst\u0119pny multi-efekt gitarowy, kt\u00f3ry dostarczy wysokiej jako\u015bci brzmienie i wiele funkcji zar\u00f3wno dla pocz\u0105tkuj\u0105cych, jak i profesjonalnych muzyk\u00f3w.<\/p>\n","protected":false},"featured_media":130616,"template":"","meta":[],"product_cat":[4014,4045],"product_tag":[4093],"class_list":{"0":"post-108029","1":"product","2":"type-product","3":"status-publish","4":"has-post-thumbnail","6":"product_cat-efekty-gitarowe-i-akcesoria","7":"product_cat-multiefekty","8":"product_tag-valeton","9":"pa_marka-valeton","11":"first","12":"instock","13":"purchasable","14":"product-type-simple"},"_links":{"self":[{"href":"https:\/\/playrock.pl\/index.php?rest_route=\/wp\/v2\/product\/108029","targetHints":{"allow":["GET"]}}],"collection":[{"href":"https:\/\/playrock.pl\/index.php?rest_route=\/wp\/v2\/product"}],"about":[{"href":"https:\/\/playrock.pl\/index.php?rest_route=\/wp\/v2\/types\/product"}],"version-history":[{"count":0,"href":"https:\/\/playrock.pl\/index.php?rest_route=\/wp\/v2\/product\/108029\/revisions"}],"wp:featuredmedia":[{"embeddable":true,"href":"https:\/\/playrock.pl\/index.php?rest_route=\/wp\/v2\/media\/130616"}],"wp:attachment":[{"href":"https:\/\/playrock.pl\/index.php?rest_route=%2Fwp%2Fv2%2Fmedia&parent=108029"}],"wp:term":[{"taxonomy":"product_cat","embeddable":true,"href":"https:\/\/playrock.pl\/index.php?rest_route=%2Fwp%2Fv2%2Fproduct_cat&post=108029"},{"taxonomy":"product_tag","embeddable":true,"href":"https:\/\/playrock.pl\/index.php?rest_route=%2Fwp%2Fv2%2Fproduct_tag&post=108029"}],"curies":[{"name":"wp","href":"https:\/\/api.w.org\/{rel}","templated":true}]}}