{"id":107993,"date":"2025-12-18T03:22:06","date_gmt":"2025-12-18T02:22:06","guid":{"rendered":"https:\/\/playrock.pl\/?product=valeton-vfc-1-zestaw-nakladek-na-footswitche"},"modified":"2025-12-18T03:22:06","modified_gmt":"2025-12-18T02:22:06","slug":"valeton-vfc-1-zestaw-nakladek-na-footswitche","status":"publish","type":"product","link":"https:\/\/playrock.pl\/?product=valeton-vfc-1-zestaw-nakladek-na-footswitche","title":{"rendered":"Valeton VFC-1 &#8211; zestaw nak\u0142adek na footswitche"},"content":{"rendered":"<p><span style=\"vertical-align: inherit;\"><span style=\"vertical-align: inherit;\"><\/span><\/span><\/p>\n","protected":false},"excerpt":{"rendered":"<p>Zestaw 5 r\u00f3\u017cnych nak\u0142adek na przyciski footswitchy.<\/p>\n","protected":false},"featured_media":130591,"template":"","meta":[],"product_cat":[4187,4014],"product_tag":[4093],"class_list":{"0":"post-107993","1":"product","2":"type-product","3":"status-publish","4":"has-post-thumbnail","6":"product_cat-akcesoria-efektow","7":"product_cat-efekty-gitarowe-i-akcesoria","8":"product_tag-valeton","9":"pa_marka-valeton","11":"first","12":"instock","13":"purchasable","14":"product-type-simple"},"_links":{"self":[{"href":"https:\/\/playrock.pl\/index.php?rest_route=\/wp\/v2\/product\/107993","targetHints":{"allow":["GET"]}}],"collection":[{"href":"https:\/\/playrock.pl\/index.php?rest_route=\/wp\/v2\/product"}],"about":[{"href":"https:\/\/playrock.pl\/index.php?rest_route=\/wp\/v2\/types\/product"}],"version-history":[{"count":0,"href":"https:\/\/playrock.pl\/index.php?rest_route=\/wp\/v2\/product\/107993\/revisions"}],"wp:featuredmedia":[{"embeddable":true,"href":"https:\/\/playrock.pl\/index.php?rest_route=\/wp\/v2\/media\/130591"}],"wp:attachment":[{"href":"https:\/\/playrock.pl\/index.php?rest_route=%2Fwp%2Fv2%2Fmedia&parent=107993"}],"wp:term":[{"taxonomy":"product_cat","embeddable":true,"href":"https:\/\/playrock.pl\/index.php?rest_route=%2Fwp%2Fv2%2Fproduct_cat&post=107993"},{"taxonomy":"product_tag","embeddable":true,"href":"https:\/\/playrock.pl\/index.php?rest_route=%2Fwp%2Fv2%2Fproduct_tag&post=107993"}],"curies":[{"name":"wp","href":"https:\/\/api.w.org\/{rel}","templated":true}]}}