{"id":107557,"date":"2026-03-25T00:08:34","date_gmt":"2026-03-24T23:08:34","guid":{"rendered":"https:\/\/playrock.pl\/?product=soundsation-mh-70bt-sluchawki-bt-audio-streaming"},"modified":"2026-03-25T00:08:34","modified_gmt":"2026-03-24T23:08:34","slug":"soundsation-mh-70bt-sluchawki-bt-audio-streaming","status":"publish","type":"product","link":"https:\/\/playrock.pl\/?product=soundsation-mh-70bt-sluchawki-bt-audio-streaming","title":{"rendered":"Soundsation MH-70BT &#8211; s\u0142uchawki &#8222;BT Audio Streaming&#8221;"},"content":{"rendered":"<p><span style=\"vertical-align: inherit;\"><span style=\"vertical-align: inherit;\"><\/span><\/span><\/p>\n","protected":false},"excerpt":{"rendered":"<p>S\u0142uchawki z dodatkow\u0105 opcj\u0105 &#8222;BT Audio Streaming&#8221; &#8211; do zarz\u0105dzania rozmowami telefonicznymi z urz\u0105dze\u0144 zdalnych, takich jak tablety i smartfony<\/p>\n","protected":false},"featured_media":130331,"template":"","meta":[],"product_cat":[3886,4181],"product_tag":[913],"class_list":{"0":"post-107557","1":"product","2":"type-product","3":"status-publish","4":"has-post-thumbnail","6":"product_cat-mikrofony-i-naglosnienie","7":"product_cat-sluchawki","8":"product_tag-soundsation","9":"pa_marka-soundsation","11":"first","12":"outofstock","13":"purchasable","14":"product-type-simple"},"_links":{"self":[{"href":"https:\/\/playrock.pl\/index.php?rest_route=\/wp\/v2\/product\/107557","targetHints":{"allow":["GET"]}}],"collection":[{"href":"https:\/\/playrock.pl\/index.php?rest_route=\/wp\/v2\/product"}],"about":[{"href":"https:\/\/playrock.pl\/index.php?rest_route=\/wp\/v2\/types\/product"}],"version-history":[{"count":0,"href":"https:\/\/playrock.pl\/index.php?rest_route=\/wp\/v2\/product\/107557\/revisions"}],"wp:featuredmedia":[{"embeddable":true,"href":"https:\/\/playrock.pl\/index.php?rest_route=\/wp\/v2\/media\/130331"}],"wp:attachment":[{"href":"https:\/\/playrock.pl\/index.php?rest_route=%2Fwp%2Fv2%2Fmedia&parent=107557"}],"wp:term":[{"taxonomy":"product_cat","embeddable":true,"href":"https:\/\/playrock.pl\/index.php?rest_route=%2Fwp%2Fv2%2Fproduct_cat&post=107557"},{"taxonomy":"product_tag","embeddable":true,"href":"https:\/\/playrock.pl\/index.php?rest_route=%2Fwp%2Fv2%2Fproduct_tag&post=107557"}],"curies":[{"name":"wp","href":"https:\/\/api.w.org\/{rel}","templated":true}]}}