{"id":107554,"date":"2025-12-18T03:01:05","date_gmt":"2025-12-18T02:01:05","guid":{"rendered":"https:\/\/playrock.pl\/?product=soundsation-wf-lm10-mikrofon-lavalier-jack-35mm"},"modified":"2025-12-18T03:01:05","modified_gmt":"2025-12-18T02:01:05","slug":"soundsation-wf-lm10-mikrofon-lavalier-jack-35mm","status":"publish","type":"product","link":"https:\/\/playrock.pl\/?product=soundsation-wf-lm10-mikrofon-lavalier-jack-35mm","title":{"rendered":"Soundsation WF-LM10 &#8211; mikrofon lavalier (jack 3,5mm)"},"content":{"rendered":"<p><span style=\"vertical-align: inherit;\"><span style=\"vertical-align: inherit;\"><\/span><\/span><\/p>\n","protected":false},"excerpt":{"rendered":"<p>Mikrofon specjalnie zaprojektowany do konferencji, prezentacji, wydarze\u0144 na \u017cywo oraz wywiad\u00f3w<\/p>\n","protected":false},"featured_media":130329,"template":"","meta":[],"product_cat":[3887,3909,3886],"product_tag":[913],"class_list":{"0":"post-107554","1":"product","2":"type-product","3":"status-publish","4":"has-post-thumbnail","6":"product_cat-mikrofony-mikrofony-i-naglosnienie","7":"product_cat-mikrofony-dynamiczne","8":"product_cat-mikrofony-i-naglosnienie","9":"product_tag-soundsation","10":"pa_marka-soundsation","12":"first","13":"instock","14":"purchasable","15":"product-type-simple"},"_links":{"self":[{"href":"https:\/\/playrock.pl\/index.php?rest_route=\/wp\/v2\/product\/107554","targetHints":{"allow":["GET"]}}],"collection":[{"href":"https:\/\/playrock.pl\/index.php?rest_route=\/wp\/v2\/product"}],"about":[{"href":"https:\/\/playrock.pl\/index.php?rest_route=\/wp\/v2\/types\/product"}],"version-history":[{"count":0,"href":"https:\/\/playrock.pl\/index.php?rest_route=\/wp\/v2\/product\/107554\/revisions"}],"wp:featuredmedia":[{"embeddable":true,"href":"https:\/\/playrock.pl\/index.php?rest_route=\/wp\/v2\/media\/130329"}],"wp:attachment":[{"href":"https:\/\/playrock.pl\/index.php?rest_route=%2Fwp%2Fv2%2Fmedia&parent=107554"}],"wp:term":[{"taxonomy":"product_cat","embeddable":true,"href":"https:\/\/playrock.pl\/index.php?rest_route=%2Fwp%2Fv2%2Fproduct_cat&post=107554"},{"taxonomy":"product_tag","embeddable":true,"href":"https:\/\/playrock.pl\/index.php?rest_route=%2Fwp%2Fv2%2Fproduct_tag&post=107554"}],"curies":[{"name":"wp","href":"https:\/\/api.w.org\/{rel}","templated":true}]}}