{"id":107550,"date":"2026-03-25T00:08:34","date_gmt":"2026-03-24T23:08:34","guid":{"rendered":"https:\/\/playrock.pl\/?product=soundsation-miomix-202ufx-mikser-z-cyfrowymi-efektami"},"modified":"2026-03-25T00:08:34","modified_gmt":"2026-03-24T23:08:34","slug":"soundsation-miomix-202ufx-mikser-z-cyfrowymi-efektami","status":"publish","type":"product","link":"https:\/\/playrock.pl\/?product=soundsation-miomix-202ufx-mikser-z-cyfrowymi-efektami","title":{"rendered":"Soundsation MIOMIX-202UFX &#8211; mikser z cyfrowymi efektami"},"content":{"rendered":"<p><span style=\"vertical-align: inherit;\"><span style=\"vertical-align: inherit;\"><\/span><\/span><\/p>\n","protected":false},"excerpt":{"rendered":"<p>Mikser z czterema kana\u0142ami i efektami cyfrowymi, mog\u0105cy dzia\u0142a\u0107 jako interface USB (24 bit\/96kHz)<\/p>\n","protected":false},"featured_media":130326,"template":"","meta":[],"product_cat":[4115,3886],"product_tag":[913],"class_list":{"0":"post-107550","1":"product","2":"type-product","3":"status-publish","4":"has-post-thumbnail","6":"product_cat-miksery-mikrofony-i-naglosnienie","7":"product_cat-mikrofony-i-naglosnienie","8":"product_tag-soundsation","9":"pa_marka-soundsation","11":"first","12":"instock","13":"purchasable","14":"product-type-simple"},"_links":{"self":[{"href":"https:\/\/playrock.pl\/index.php?rest_route=\/wp\/v2\/product\/107550","targetHints":{"allow":["GET"]}}],"collection":[{"href":"https:\/\/playrock.pl\/index.php?rest_route=\/wp\/v2\/product"}],"about":[{"href":"https:\/\/playrock.pl\/index.php?rest_route=\/wp\/v2\/types\/product"}],"version-history":[{"count":0,"href":"https:\/\/playrock.pl\/index.php?rest_route=\/wp\/v2\/product\/107550\/revisions"}],"wp:featuredmedia":[{"embeddable":true,"href":"https:\/\/playrock.pl\/index.php?rest_route=\/wp\/v2\/media\/130326"}],"wp:attachment":[{"href":"https:\/\/playrock.pl\/index.php?rest_route=%2Fwp%2Fv2%2Fmedia&parent=107550"}],"wp:term":[{"taxonomy":"product_cat","embeddable":true,"href":"https:\/\/playrock.pl\/index.php?rest_route=%2Fwp%2Fv2%2Fproduct_cat&post=107550"},{"taxonomy":"product_tag","embeddable":true,"href":"https:\/\/playrock.pl\/index.php?rest_route=%2Fwp%2Fv2%2Fproduct_tag&post=107550"}],"curies":[{"name":"wp","href":"https:\/\/api.w.org\/{rel}","templated":true}]}}