{"id":107452,"date":"2026-03-04T00:16:31","date_gmt":"2026-03-03T23:16:31","guid":{"rendered":"https:\/\/playrock.pl\/?product=valeton-dapper-acoustic-mini-efekt-gitarowy"},"modified":"2026-03-04T00:16:31","modified_gmt":"2026-03-03T23:16:31","slug":"valeton-dapper-acoustic-mini-efekt-gitarowy","status":"publish","type":"product","link":"https:\/\/playrock.pl\/?product=valeton-dapper-acoustic-mini-efekt-gitarowy","title":{"rendered":"Valeton Dapper Acoustic Mini &#8211; efekt gitarowy"},"content":{"rendered":"<p><span style=\"vertical-align: inherit;\"><span style=\"vertical-align: inherit;\"><\/span><\/span><\/p>\n","protected":false},"excerpt":{"rendered":"<p>Dapper Acoustic Mini to prawdziwie niesamowita listwa efekt\u00f3w ze wszystkimi niezb\u0119dnymi elementami dla muzyk\u00f3w preferuj\u0105cych akustyczne brzmienia.<\/p>\n","protected":false},"featured_media":130209,"template":"","meta":[],"product_cat":[4014,4045],"product_tag":[4093],"class_list":{"0":"post-107452","1":"product","2":"type-product","3":"status-publish","4":"has-post-thumbnail","6":"product_cat-efekty-gitarowe-i-akcesoria","7":"product_cat-multiefekty","8":"product_tag-valeton","9":"pa_marka-valeton","11":"first","12":"instock","13":"purchasable","14":"product-type-simple"},"_links":{"self":[{"href":"https:\/\/playrock.pl\/index.php?rest_route=\/wp\/v2\/product\/107452","targetHints":{"allow":["GET"]}}],"collection":[{"href":"https:\/\/playrock.pl\/index.php?rest_route=\/wp\/v2\/product"}],"about":[{"href":"https:\/\/playrock.pl\/index.php?rest_route=\/wp\/v2\/types\/product"}],"version-history":[{"count":0,"href":"https:\/\/playrock.pl\/index.php?rest_route=\/wp\/v2\/product\/107452\/revisions"}],"wp:featuredmedia":[{"embeddable":true,"href":"https:\/\/playrock.pl\/index.php?rest_route=\/wp\/v2\/media\/130209"}],"wp:attachment":[{"href":"https:\/\/playrock.pl\/index.php?rest_route=%2Fwp%2Fv2%2Fmedia&parent=107452"}],"wp:term":[{"taxonomy":"product_cat","embeddable":true,"href":"https:\/\/playrock.pl\/index.php?rest_route=%2Fwp%2Fv2%2Fproduct_cat&post=107452"},{"taxonomy":"product_tag","embeddable":true,"href":"https:\/\/playrock.pl\/index.php?rest_route=%2Fwp%2Fv2%2Fproduct_tag&post=107452"}],"curies":[{"name":"wp","href":"https:\/\/api.w.org\/{rel}","templated":true}]}}