{"id":105589,"date":"2026-03-25T00:04:49","date_gmt":"2026-03-24T23:04:49","guid":{"rendered":"https:\/\/playrock.pl\/?product=prodipe-m850-dsp-solo-uhf-f5-zestaw-bezprzewodowy"},"modified":"2026-03-25T00:04:49","modified_gmt":"2026-03-24T23:04:49","slug":"prodipe-m850-dsp-solo-uhf-f5-zestaw-bezprzewodowy","status":"publish","type":"product","link":"https:\/\/playrock.pl\/?product=prodipe-m850-dsp-solo-uhf-f5-zestaw-bezprzewodowy","title":{"rendered":"Prodipe M850 DSP SOLO UHF F5 &#8211; zestaw bezprzewodowy"},"content":{"rendered":"<p><span style=\"vertical-align: inherit;\"><span style=\"vertical-align: inherit;\"><\/span><\/span><\/p>\n","protected":false},"excerpt":{"rendered":"<p>Mikrofonowy zestaw bezprzewodowy sk\u0142adaj\u0105cy si\u0119 z mikrofonu i bazy.<\/p>\n","protected":false},"featured_media":128697,"template":"","meta":[],"product_cat":[3963,3964,3853],"product_tag":[911],"class_list":{"0":"post-105589","1":"product","2":"type-product","3":"status-publish","4":"has-post-thumbnail","6":"product_cat-mikrofonowe-systemy-bezprzewodowe","7":"product_cat-mikrofonowe-systemy-uhf","8":"product_cat-mikrofony","9":"product_tag-prodipe","10":"pa_marka-prodipe","12":"first","13":"instock","14":"purchasable","15":"product-type-simple"},"_links":{"self":[{"href":"https:\/\/playrock.pl\/index.php?rest_route=\/wp\/v2\/product\/105589","targetHints":{"allow":["GET"]}}],"collection":[{"href":"https:\/\/playrock.pl\/index.php?rest_route=\/wp\/v2\/product"}],"about":[{"href":"https:\/\/playrock.pl\/index.php?rest_route=\/wp\/v2\/types\/product"}],"version-history":[{"count":0,"href":"https:\/\/playrock.pl\/index.php?rest_route=\/wp\/v2\/product\/105589\/revisions"}],"wp:featuredmedia":[{"embeddable":true,"href":"https:\/\/playrock.pl\/index.php?rest_route=\/wp\/v2\/media\/128697"}],"wp:attachment":[{"href":"https:\/\/playrock.pl\/index.php?rest_route=%2Fwp%2Fv2%2Fmedia&parent=105589"}],"wp:term":[{"taxonomy":"product_cat","embeddable":true,"href":"https:\/\/playrock.pl\/index.php?rest_route=%2Fwp%2Fv2%2Fproduct_cat&post=105589"},{"taxonomy":"product_tag","embeddable":true,"href":"https:\/\/playrock.pl\/index.php?rest_route=%2Fwp%2Fv2%2Fproduct_tag&post=105589"}],"curies":[{"name":"wp","href":"https:\/\/api.w.org\/{rel}","templated":true}]}}