{"id":104950,"date":"2025-12-18T01:58:40","date_gmt":"2025-12-18T00:58:40","guid":{"rendered":"https:\/\/playrock.pl\/?product=prodipe-uhf-dsp-vl21-system-bezprzewodowy"},"modified":"2025-12-18T01:58:41","modified_gmt":"2025-12-18T00:58:41","slug":"prodipe-uhf-dsp-vl21-system-bezprzewodowy","status":"publish","type":"product","link":"https:\/\/playrock.pl\/?product=prodipe-uhf-dsp-vl21-system-bezprzewodowy","title":{"rendered":"Prodipe UHF DSP VL21 &#8211; system bezprzewodowy"},"content":{"rendered":"<p><span style=\"vertical-align: inherit;\"><span style=\"vertical-align: inherit;\"><\/span><\/span><\/p>\n","protected":false},"excerpt":{"rendered":"<p>Mikrofonowy system przeznaczony skrzypiec i alt\u00f3wki. Zestaw sk\u0142ada si\u0119 z systemu B210 Solo i mikrofonu VL21.<\/p>\n","protected":false},"featured_media":129290,"template":"","meta":[],"product_cat":[3963,3964,3853],"product_tag":[911],"class_list":{"0":"post-104950","1":"product","2":"type-product","3":"status-publish","4":"has-post-thumbnail","6":"product_cat-mikrofonowe-systemy-bezprzewodowe","7":"product_cat-mikrofonowe-systemy-uhf","8":"product_cat-mikrofony","9":"product_tag-prodipe","10":"pa_marka-prodipe","12":"first","13":"instock","14":"purchasable","15":"product-type-simple"},"_links":{"self":[{"href":"https:\/\/playrock.pl\/index.php?rest_route=\/wp\/v2\/product\/104950","targetHints":{"allow":["GET"]}}],"collection":[{"href":"https:\/\/playrock.pl\/index.php?rest_route=\/wp\/v2\/product"}],"about":[{"href":"https:\/\/playrock.pl\/index.php?rest_route=\/wp\/v2\/types\/product"}],"version-history":[{"count":0,"href":"https:\/\/playrock.pl\/index.php?rest_route=\/wp\/v2\/product\/104950\/revisions"}],"wp:featuredmedia":[{"embeddable":true,"href":"https:\/\/playrock.pl\/index.php?rest_route=\/wp\/v2\/media\/129290"}],"wp:attachment":[{"href":"https:\/\/playrock.pl\/index.php?rest_route=%2Fwp%2Fv2%2Fmedia&parent=104950"}],"wp:term":[{"taxonomy":"product_cat","embeddable":true,"href":"https:\/\/playrock.pl\/index.php?rest_route=%2Fwp%2Fv2%2Fproduct_cat&post=104950"},{"taxonomy":"product_tag","embeddable":true,"href":"https:\/\/playrock.pl\/index.php?rest_route=%2Fwp%2Fv2%2Fproduct_tag&post=104950"}],"curies":[{"name":"wp","href":"https:\/\/api.w.org\/{rel}","templated":true}]}}