{"id":104481,"date":"2025-12-18T01:38:34","date_gmt":"2025-12-18T00:38:34","guid":{"rendered":"https:\/\/playrock.pl\/?product=topp-pro-tp-ktx-nadajnik-systemu-uhf"},"modified":"2025-12-18T01:38:35","modified_gmt":"2025-12-18T00:38:35","slug":"topp-pro-tp-ktx-nadajnik-systemu-uhf","status":"publish","type":"product","link":"https:\/\/playrock.pl\/?product=topp-pro-tp-ktx-nadajnik-systemu-uhf","title":{"rendered":"Topp Pro TP KTX &#8211; nadajnik systemu UHF"},"content":{"rendered":"<p><span style=\"vertical-align: inherit;\"><span style=\"vertical-align: inherit;\"><\/span><\/span><\/p>\n","protected":false},"excerpt":{"rendered":"<p>Profesjonalny system UHF s\u0142u\u017c\u0105cy do przesy\u0142u sygna\u0142u.<\/p>\n","protected":false},"featured_media":128936,"template":"","meta":[],"product_cat":[3963,3964,3853],"product_tag":[925],"class_list":{"0":"post-104481","1":"product","2":"type-product","3":"status-publish","4":"has-post-thumbnail","6":"product_cat-mikrofonowe-systemy-bezprzewodowe","7":"product_cat-mikrofonowe-systemy-uhf","8":"product_cat-mikrofony","9":"product_tag-topp-pro","10":"pa_marka-topp-pro","12":"first","13":"instock","14":"purchasable","15":"product-type-simple"},"_links":{"self":[{"href":"https:\/\/playrock.pl\/index.php?rest_route=\/wp\/v2\/product\/104481","targetHints":{"allow":["GET"]}}],"collection":[{"href":"https:\/\/playrock.pl\/index.php?rest_route=\/wp\/v2\/product"}],"about":[{"href":"https:\/\/playrock.pl\/index.php?rest_route=\/wp\/v2\/types\/product"}],"version-history":[{"count":0,"href":"https:\/\/playrock.pl\/index.php?rest_route=\/wp\/v2\/product\/104481\/revisions"}],"wp:featuredmedia":[{"embeddable":true,"href":"https:\/\/playrock.pl\/index.php?rest_route=\/wp\/v2\/media\/128936"}],"wp:attachment":[{"href":"https:\/\/playrock.pl\/index.php?rest_route=%2Fwp%2Fv2%2Fmedia&parent=104481"}],"wp:term":[{"taxonomy":"product_cat","embeddable":true,"href":"https:\/\/playrock.pl\/index.php?rest_route=%2Fwp%2Fv2%2Fproduct_cat&post=104481"},{"taxonomy":"product_tag","embeddable":true,"href":"https:\/\/playrock.pl\/index.php?rest_route=%2Fwp%2Fv2%2Fproduct_tag&post=104481"}],"curies":[{"name":"wp","href":"https:\/\/api.w.org\/{rel}","templated":true}]}}