{"id":104082,"date":"2025-12-18T01:25:02","date_gmt":"2025-12-18T00:25:02","guid":{"rendered":"https:\/\/playrock.pl\/?product=monkey-banana-mangabey-wh-lampowy-mikrofon-studyjny"},"modified":"2025-12-18T01:25:07","modified_gmt":"2025-12-18T00:25:07","slug":"monkey-banana-mangabey-wh-lampowy-mikrofon-studyjny","status":"publish","type":"product","link":"https:\/\/playrock.pl\/?product=monkey-banana-mangabey-wh-lampowy-mikrofon-studyjny","title":{"rendered":"Monkey Banana Mangabey WH &#8211; lampowy mikrofon studyjny"},"content":{"rendered":"<p><span style=\"vertical-align: inherit;\"><span style=\"vertical-align: inherit;\"><\/span><\/span><\/p>\n","protected":false},"excerpt":{"rendered":"<p>Pojemno\u015bciowy mikrofon lampowy z zewn\u0119trzn\u0105 jednostk\u0105 zasilaj\u0105c\u0105.<\/p>\n","protected":false},"featured_media":128678,"template":"","meta":[],"product_cat":[3887,3886,3924],"product_tag":[905],"class_list":{"0":"post-104082","1":"product","2":"type-product","3":"status-publish","4":"has-post-thumbnail","6":"product_cat-mikrofony-mikrofony-i-naglosnienie","7":"product_cat-mikrofony-i-naglosnienie","8":"product_cat-mikrofony-studyjne","9":"product_tag-monkey-banana","10":"pa_marka-monkey-banana","12":"first","13":"instock","14":"purchasable","15":"product-type-simple"},"_links":{"self":[{"href":"https:\/\/playrock.pl\/index.php?rest_route=\/wp\/v2\/product\/104082","targetHints":{"allow":["GET"]}}],"collection":[{"href":"https:\/\/playrock.pl\/index.php?rest_route=\/wp\/v2\/product"}],"about":[{"href":"https:\/\/playrock.pl\/index.php?rest_route=\/wp\/v2\/types\/product"}],"version-history":[{"count":0,"href":"https:\/\/playrock.pl\/index.php?rest_route=\/wp\/v2\/product\/104082\/revisions"}],"wp:featuredmedia":[{"embeddable":true,"href":"https:\/\/playrock.pl\/index.php?rest_route=\/wp\/v2\/media\/128678"}],"wp:attachment":[{"href":"https:\/\/playrock.pl\/index.php?rest_route=%2Fwp%2Fv2%2Fmedia&parent=104082"}],"wp:term":[{"taxonomy":"product_cat","embeddable":true,"href":"https:\/\/playrock.pl\/index.php?rest_route=%2Fwp%2Fv2%2Fproduct_cat&post=104082"},{"taxonomy":"product_tag","embeddable":true,"href":"https:\/\/playrock.pl\/index.php?rest_route=%2Fwp%2Fv2%2Fproduct_tag&post=104082"}],"curies":[{"name":"wp","href":"https:\/\/api.w.org\/{rel}","templated":true}]}}