{"id":104008,"date":"2026-03-07T00:03:02","date_gmt":"2026-03-06T23:03:02","guid":{"rendered":"https:\/\/playrock.pl\/?product=joyo-bantamp-vivo-mini-glowa-gitarowa-20w"},"modified":"2026-03-07T00:03:02","modified_gmt":"2026-03-06T23:03:02","slug":"joyo-bantamp-vivo-mini-glowa-gitarowa-20w","status":"publish","type":"product","link":"https:\/\/playrock.pl\/?product=joyo-bantamp-vivo-mini-glowa-gitarowa-20w","title":{"rendered":"Joyo Bantamp Vivo &#8211; mini g\u0142owa gitarowa 20W"},"content":{"rendered":"<p><span style=\"vertical-align: inherit;\"><span style=\"vertical-align: inherit;\"><\/span><\/span><\/p>\n","protected":false},"excerpt":{"rendered":"<p>Kompaktowy, dwukana\u0142owy wzmacniacz  o mocy 20W z p\u0119tl\u0105 efekt\u00f3w i bluetooth. Przedwzmacniacz oparty o jedn\u0105 lamp\u0119 12AX7, tranzystorowa ko\u0144c\u00f3wka mocy.<\/p>\n","protected":false},"featured_media":128599,"template":"","meta":[],"product_cat":[4157,4144],"product_tag":[879],"class_list":{"0":"post-104008","1":"product","2":"type-product","3":"status-publish","4":"has-post-thumbnail","6":"product_cat-glowy-gitarowe","7":"product_cat-wzmacniacze","8":"product_tag-joyo","9":"pa_marka-joyo","11":"first","12":"outofstock","13":"purchasable","14":"product-type-simple"},"_links":{"self":[{"href":"https:\/\/playrock.pl\/index.php?rest_route=\/wp\/v2\/product\/104008","targetHints":{"allow":["GET"]}}],"collection":[{"href":"https:\/\/playrock.pl\/index.php?rest_route=\/wp\/v2\/product"}],"about":[{"href":"https:\/\/playrock.pl\/index.php?rest_route=\/wp\/v2\/types\/product"}],"version-history":[{"count":0,"href":"https:\/\/playrock.pl\/index.php?rest_route=\/wp\/v2\/product\/104008\/revisions"}],"wp:featuredmedia":[{"embeddable":true,"href":"https:\/\/playrock.pl\/index.php?rest_route=\/wp\/v2\/media\/128599"}],"wp:attachment":[{"href":"https:\/\/playrock.pl\/index.php?rest_route=%2Fwp%2Fv2%2Fmedia&parent=104008"}],"wp:term":[{"taxonomy":"product_cat","embeddable":true,"href":"https:\/\/playrock.pl\/index.php?rest_route=%2Fwp%2Fv2%2Fproduct_cat&post=104008"},{"taxonomy":"product_tag","embeddable":true,"href":"https:\/\/playrock.pl\/index.php?rest_route=%2Fwp%2Fv2%2Fproduct_tag&post=104008"}],"curies":[{"name":"wp","href":"https:\/\/api.w.org\/{rel}","templated":true}]}}