{"id":103873,"date":"2026-02-11T00:04:23","date_gmt":"2026-02-10T23:04:23","guid":{"rendered":"https:\/\/playrock.pl\/?product=joyo-cm-24-rozgaleznik-zasilania-do-efektow"},"modified":"2026-02-11T00:04:23","modified_gmt":"2026-02-10T23:04:23","slug":"joyo-cm-24-rozgaleznik-zasilania-do-efektow","status":"publish","type":"product","link":"https:\/\/playrock.pl\/?product=joyo-cm-24-rozgaleznik-zasilania-do-efektow","title":{"rendered":"Joyo CM-24 &#8211; rozga\u0142\u0119\u017anik zasilania do efekt\u00f3w"},"content":{"rendered":"<p><span style=\"vertical-align: inherit;\"><span style=\"vertical-align: inherit;\"><\/span><\/span><\/p>\n","protected":false},"excerpt":{"rendered":"<p>Rozga\u0142\u0119\u017anik zasilania do 5 efekt\u00f3w.<\/p>\n","protected":false},"featured_media":128511,"template":"","meta":[],"product_cat":[4187,4014],"product_tag":[879],"class_list":{"0":"post-103873","1":"product","2":"type-product","3":"status-publish","4":"has-post-thumbnail","6":"product_cat-akcesoria-efektow","7":"product_cat-efekty-gitarowe-i-akcesoria","8":"product_tag-joyo","9":"pa_marka-joyo","11":"first","12":"instock","13":"purchasable","14":"product-type-simple"},"_links":{"self":[{"href":"https:\/\/playrock.pl\/index.php?rest_route=\/wp\/v2\/product\/103873","targetHints":{"allow":["GET"]}}],"collection":[{"href":"https:\/\/playrock.pl\/index.php?rest_route=\/wp\/v2\/product"}],"about":[{"href":"https:\/\/playrock.pl\/index.php?rest_route=\/wp\/v2\/types\/product"}],"version-history":[{"count":0,"href":"https:\/\/playrock.pl\/index.php?rest_route=\/wp\/v2\/product\/103873\/revisions"}],"wp:featuredmedia":[{"embeddable":true,"href":"https:\/\/playrock.pl\/index.php?rest_route=\/wp\/v2\/media\/128511"}],"wp:attachment":[{"href":"https:\/\/playrock.pl\/index.php?rest_route=%2Fwp%2Fv2%2Fmedia&parent=103873"}],"wp:term":[{"taxonomy":"product_cat","embeddable":true,"href":"https:\/\/playrock.pl\/index.php?rest_route=%2Fwp%2Fv2%2Fproduct_cat&post=103873"},{"taxonomy":"product_tag","embeddable":true,"href":"https:\/\/playrock.pl\/index.php?rest_route=%2Fwp%2Fv2%2Fproduct_tag&post=103873"}],"curies":[{"name":"wp","href":"https:\/\/api.w.org\/{rel}","templated":true}]}}