{"id":103849,"date":"2025-12-18T01:18:31","date_gmt":"2025-12-18T00:18:31","guid":{"rendered":"https:\/\/playrock.pl\/?product=joyo-jampack-zestaw-efektow-gitarowych-z-wyposazeniem"},"modified":"2025-12-18T01:18:31","modified_gmt":"2025-12-18T00:18:31","slug":"joyo-jampack-zestaw-efektow-gitarowych-z-wyposazeniem","status":"publish","type":"product","link":"https:\/\/playrock.pl\/?product=joyo-jampack-zestaw-efektow-gitarowych-z-wyposazeniem","title":{"rendered":"Joyo JamPack &#8211; zestaw efekt\u00f3w gitarowych z wyposa\u017ceniem"},"content":{"rendered":"<p><span style=\"vertical-align: inherit;\"><span style=\"vertical-align: inherit;\"><\/span><\/span><\/p>\n","protected":false},"excerpt":{"rendered":"<p>Zestaw zawiera pedalcarpet, efekty, kabelki po\u0142\u0105czeniowe oraz torb\u0119 na wszystkie akcesoria.<\/p>\n","protected":false},"featured_media":128506,"template":"","meta":[],"product_cat":[4187,4014],"product_tag":[879],"class_list":{"0":"post-103849","1":"product","2":"type-product","3":"status-publish","4":"has-post-thumbnail","6":"product_cat-akcesoria-efektow","7":"product_cat-efekty-gitarowe-i-akcesoria","8":"product_tag-joyo","9":"pa_marka-joyo","11":"first","12":"instock","13":"purchasable","14":"product-type-simple"},"_links":{"self":[{"href":"https:\/\/playrock.pl\/index.php?rest_route=\/wp\/v2\/product\/103849","targetHints":{"allow":["GET"]}}],"collection":[{"href":"https:\/\/playrock.pl\/index.php?rest_route=\/wp\/v2\/product"}],"about":[{"href":"https:\/\/playrock.pl\/index.php?rest_route=\/wp\/v2\/types\/product"}],"version-history":[{"count":0,"href":"https:\/\/playrock.pl\/index.php?rest_route=\/wp\/v2\/product\/103849\/revisions"}],"wp:featuredmedia":[{"embeddable":true,"href":"https:\/\/playrock.pl\/index.php?rest_route=\/wp\/v2\/media\/128506"}],"wp:attachment":[{"href":"https:\/\/playrock.pl\/index.php?rest_route=%2Fwp%2Fv2%2Fmedia&parent=103849"}],"wp:term":[{"taxonomy":"product_cat","embeddable":true,"href":"https:\/\/playrock.pl\/index.php?rest_route=%2Fwp%2Fv2%2Fproduct_cat&post=103849"},{"taxonomy":"product_tag","embeddable":true,"href":"https:\/\/playrock.pl\/index.php?rest_route=%2Fwp%2Fv2%2Fproduct_tag&post=103849"}],"curies":[{"name":"wp","href":"https:\/\/api.w.org\/{rel}","templated":true}]}}