{"id":103667,"date":"2026-02-26T00:04:05","date_gmt":"2026-02-25T23:04:05","guid":{"rendered":"https:\/\/playrock.pl\/?product=artesia-dp-3-rw-pvc-pianino-cyfrowe"},"modified":"2026-02-26T00:04:05","modified_gmt":"2026-02-25T23:04:05","slug":"artesia-dp-3-rw-pvc-pianino-cyfrowe","status":"publish","type":"product","link":"https:\/\/playrock.pl\/?product=artesia-dp-3-rw-pvc-pianino-cyfrowe","title":{"rendered":"Artesia DP-3+ RW PVC &#8211; pianino cyfrowe"},"content":{"rendered":"<p><span style=\"vertical-align: inherit;\"><span style=\"vertical-align: inherit;\"><\/span><\/span><\/p>\n","protected":false},"excerpt":{"rendered":"<p>Stylowy, tradycyjny sprz\u0119t, kt\u00f3ry upi\u0119kszy Tw\u00f3j dom, nie tylko swoim \u015bwietnym brzmieniem, ale r\u00f3wnie\u017c jako mebel &#8211; swoim klasycznym, ponadczasowym wygl\u0105dem.<br \/>\nArtesia DP-3 Plus to autentyczne koncertowe brzmienie, kt\u00f3re zapewniaj\u0105ce lata przyjemno\u015bci.<\/p>\n","protected":false},"featured_media":128361,"template":"","meta":[],"product_cat":[3847,3960],"product_tag":[917],"class_list":{"0":"post-103667","1":"product","2":"type-product","3":"status-publish","4":"has-post-thumbnail","6":"product_cat-instrumenty-klawiszowe","7":"product_cat-pianina-cyfrowe","8":"product_tag-artesia","9":"pa_marka-artesia","11":"first","12":"instock","13":"purchasable","14":"product-type-simple"},"_links":{"self":[{"href":"https:\/\/playrock.pl\/index.php?rest_route=\/wp\/v2\/product\/103667","targetHints":{"allow":["GET"]}}],"collection":[{"href":"https:\/\/playrock.pl\/index.php?rest_route=\/wp\/v2\/product"}],"about":[{"href":"https:\/\/playrock.pl\/index.php?rest_route=\/wp\/v2\/types\/product"}],"version-history":[{"count":0,"href":"https:\/\/playrock.pl\/index.php?rest_route=\/wp\/v2\/product\/103667\/revisions"}],"wp:featuredmedia":[{"embeddable":true,"href":"https:\/\/playrock.pl\/index.php?rest_route=\/wp\/v2\/media\/128361"}],"wp:attachment":[{"href":"https:\/\/playrock.pl\/index.php?rest_route=%2Fwp%2Fv2%2Fmedia&parent=103667"}],"wp:term":[{"taxonomy":"product_cat","embeddable":true,"href":"https:\/\/playrock.pl\/index.php?rest_route=%2Fwp%2Fv2%2Fproduct_cat&post=103667"},{"taxonomy":"product_tag","embeddable":true,"href":"https:\/\/playrock.pl\/index.php?rest_route=%2Fwp%2Fv2%2Fproduct_tag&post=103667"}],"curies":[{"name":"wp","href":"https:\/\/api.w.org\/{rel}","templated":true}]}}