{"id":103665,"date":"2026-03-05T00:09:01","date_gmt":"2026-03-04T23:09:01","guid":{"rendered":"https:\/\/playrock.pl\/?product=artesia-fun-1-pink-pianino-cyfrowe-dla-dzieci"},"modified":"2026-03-05T00:09:01","modified_gmt":"2026-03-04T23:09:01","slug":"artesia-fun-1-pink-pianino-cyfrowe-dla-dzieci","status":"publish","type":"product","link":"https:\/\/playrock.pl\/?product=artesia-fun-1-pink-pianino-cyfrowe-dla-dzieci","title":{"rendered":"Artesia FUN-1 Pink &#8211; pianino cyfrowe dla dzieci"},"content":{"rendered":"<p><span style=\"vertical-align: inherit;\"><span style=\"vertical-align: inherit;\"><\/span><\/span><\/p>\n","protected":false},"excerpt":{"rendered":"<p>Artesia FUN-1 to \u015bwietna droga do przekazania dzieciom wiedzy poprzez nauk\u0119. Pianino cyfrowe daje dzieciom mo\u017cliwo\u015bci sp\u0119dzenia czasu na nauce i zabawie, a jednocze\u015bnie pokazuje im si\u0142\u0119 i pi\u0119kno muzyki! Kolor r\u00f3\u017cowy.<\/p>\n","protected":false},"featured_media":128354,"template":"","meta":[],"product_cat":[3847,3960],"product_tag":[917],"class_list":{"0":"post-103665","1":"product","2":"type-product","3":"status-publish","4":"has-post-thumbnail","6":"product_cat-instrumenty-klawiszowe","7":"product_cat-pianina-cyfrowe","8":"product_tag-artesia","9":"pa_marka-artesia","11":"first","12":"instock","13":"purchasable","14":"product-type-simple"},"_links":{"self":[{"href":"https:\/\/playrock.pl\/index.php?rest_route=\/wp\/v2\/product\/103665","targetHints":{"allow":["GET"]}}],"collection":[{"href":"https:\/\/playrock.pl\/index.php?rest_route=\/wp\/v2\/product"}],"about":[{"href":"https:\/\/playrock.pl\/index.php?rest_route=\/wp\/v2\/types\/product"}],"version-history":[{"count":0,"href":"https:\/\/playrock.pl\/index.php?rest_route=\/wp\/v2\/product\/103665\/revisions"}],"wp:featuredmedia":[{"embeddable":true,"href":"https:\/\/playrock.pl\/index.php?rest_route=\/wp\/v2\/media\/128354"}],"wp:attachment":[{"href":"https:\/\/playrock.pl\/index.php?rest_route=%2Fwp%2Fv2%2Fmedia&parent=103665"}],"wp:term":[{"taxonomy":"product_cat","embeddable":true,"href":"https:\/\/playrock.pl\/index.php?rest_route=%2Fwp%2Fv2%2Fproduct_cat&post=103665"},{"taxonomy":"product_tag","embeddable":true,"href":"https:\/\/playrock.pl\/index.php?rest_route=%2Fwp%2Fv2%2Fproduct_tag&post=103665"}],"curies":[{"name":"wp","href":"https:\/\/api.w.org\/{rel}","templated":true}]}}