{"id":103084,"date":"2025-12-18T00:52:55","date_gmt":"2025-12-17T23:52:55","guid":{"rendered":"https:\/\/playrock.pl\/?product=prodipe-3000br-profesjonalne-sluchawki-studyjne"},"modified":"2025-12-18T00:52:55","modified_gmt":"2025-12-17T23:52:55","slug":"prodipe-3000br-profesjonalne-sluchawki-studyjne","status":"publish","type":"product","link":"https:\/\/playrock.pl\/?product=prodipe-3000br-profesjonalne-sluchawki-studyjne","title":{"rendered":"Prodipe 3000BR &#8211; profesjonalne s\u0142uchawki studyjne"},"content":{"rendered":"<p><span style=\"vertical-align: inherit;\"><span style=\"vertical-align: inherit;\"><\/span><\/span><\/p>\n","protected":false},"excerpt":{"rendered":"<p>Oferta specjalna: zam\u00f3w 5 szt. s\u0142uchawek PRO3000 (mo\u017cna miesza\u0107 kolory), a pi\u0105t\u0105 z nich otrzymasz za 1 grosz!<\/p>\n","protected":false},"featured_media":127963,"template":"","meta":[],"product_cat":[4181,3886],"product_tag":[911],"class_list":{"0":"post-103084","1":"product","2":"type-product","3":"status-publish","4":"has-post-thumbnail","6":"product_cat-sluchawki","7":"product_cat-mikrofony-i-naglosnienie","8":"product_tag-prodipe","9":"pa_marka-prodipe","11":"first","12":"instock","13":"purchasable","14":"product-type-simple"},"_links":{"self":[{"href":"https:\/\/playrock.pl\/index.php?rest_route=\/wp\/v2\/product\/103084","targetHints":{"allow":["GET"]}}],"collection":[{"href":"https:\/\/playrock.pl\/index.php?rest_route=\/wp\/v2\/product"}],"about":[{"href":"https:\/\/playrock.pl\/index.php?rest_route=\/wp\/v2\/types\/product"}],"version-history":[{"count":0,"href":"https:\/\/playrock.pl\/index.php?rest_route=\/wp\/v2\/product\/103084\/revisions"}],"wp:featuredmedia":[{"embeddable":true,"href":"https:\/\/playrock.pl\/index.php?rest_route=\/wp\/v2\/media\/127963"}],"wp:attachment":[{"href":"https:\/\/playrock.pl\/index.php?rest_route=%2Fwp%2Fv2%2Fmedia&parent=103084"}],"wp:term":[{"taxonomy":"product_cat","embeddable":true,"href":"https:\/\/playrock.pl\/index.php?rest_route=%2Fwp%2Fv2%2Fproduct_cat&post=103084"},{"taxonomy":"product_tag","embeddable":true,"href":"https:\/\/playrock.pl\/index.php?rest_route=%2Fwp%2Fv2%2Fproduct_tag&post=103084"}],"curies":[{"name":"wp","href":"https:\/\/api.w.org\/{rel}","templated":true}]}}