{"id":103081,"date":"2026-03-12T00:02:50","date_gmt":"2026-03-11T23:02:50","guid":{"rendered":"https:\/\/playrock.pl\/?product=prodipe-3000b-profesjonalne-sluchawki-studyjne"},"modified":"2026-03-12T00:02:50","modified_gmt":"2026-03-11T23:02:50","slug":"prodipe-3000b-profesjonalne-sluchawki-studyjne","status":"publish","type":"product","link":"https:\/\/playrock.pl\/?product=prodipe-3000b-profesjonalne-sluchawki-studyjne","title":{"rendered":"Prodipe 3000B &#8211; profesjonalne s\u0142uchawki studyjne"},"content":{"rendered":"<p><span style=\"vertical-align: inherit;\"><span style=\"vertical-align: inherit;\"><\/span><\/span><\/p>\n","protected":false},"excerpt":{"rendered":"<p>Oferta specjalna: zam\u00f3w 5 szt. s\u0142uchawek PRO3000 (mo\u017cna miesza\u0107 kolory), a pi\u0105t\u0105 z nich otrzymasz za 1 grosz!<\/p>\n","protected":false},"featured_media":127961,"template":"","meta":[],"product_cat":[4181,3886],"product_tag":[911],"class_list":{"0":"post-103081","1":"product","2":"type-product","3":"status-publish","4":"has-post-thumbnail","6":"product_cat-sluchawki","7":"product_cat-mikrofony-i-naglosnienie","8":"product_tag-prodipe","9":"pa_marka-prodipe","11":"first","12":"instock","13":"purchasable","14":"product-type-simple"},"_links":{"self":[{"href":"https:\/\/playrock.pl\/index.php?rest_route=\/wp\/v2\/product\/103081","targetHints":{"allow":["GET"]}}],"collection":[{"href":"https:\/\/playrock.pl\/index.php?rest_route=\/wp\/v2\/product"}],"about":[{"href":"https:\/\/playrock.pl\/index.php?rest_route=\/wp\/v2\/types\/product"}],"version-history":[{"count":0,"href":"https:\/\/playrock.pl\/index.php?rest_route=\/wp\/v2\/product\/103081\/revisions"}],"wp:featuredmedia":[{"embeddable":true,"href":"https:\/\/playrock.pl\/index.php?rest_route=\/wp\/v2\/media\/127961"}],"wp:attachment":[{"href":"https:\/\/playrock.pl\/index.php?rest_route=%2Fwp%2Fv2%2Fmedia&parent=103081"}],"wp:term":[{"taxonomy":"product_cat","embeddable":true,"href":"https:\/\/playrock.pl\/index.php?rest_route=%2Fwp%2Fv2%2Fproduct_cat&post=103081"},{"taxonomy":"product_tag","embeddable":true,"href":"https:\/\/playrock.pl\/index.php?rest_route=%2Fwp%2Fv2%2Fproduct_tag&post=103081"}],"curies":[{"name":"wp","href":"https:\/\/api.w.org\/{rel}","templated":true}]}}