{"id":34930,"date":"2021-04-07T23:08:05","date_gmt":"2021-04-07T21:08:05","guid":{"rendered":"https:\/\/playrock.pl\/?page_id=34930"},"modified":"2021-04-15T22:47:27","modified_gmt":"2021-04-15T20:47:27","slug":"polityka-prywatnosci-i-cookies","status":"publish","type":"page","link":"https:\/\/playrock.pl\/?page_id=34930","title":{"rendered":"Polityka prywatno\u015bci i cookies"},"content":{"rendered":"\t\t<div data-elementor-type=\"wp-page\" data-elementor-id=\"34930\" class=\"elementor elementor-34930\" data-elementor-settings=\"[]\">\n\t\t\t\t\t\t\t<div class=\"elementor-section-wrap\">\n\t\t\t\t\t\t\t<section class=\"elementor-section elementor-top-section elementor-element elementor-element-ce387c8 elementor-section-boxed elementor-section-height-default elementor-section-height-default\" data-id=\"ce387c8\" data-element_type=\"section\">\n\t\t\t\t\t\t<div class=\"elementor-container elementor-column-gap-default\">\n\t\t\t\t\t<div class=\"elementor-column elementor-col-100 elementor-top-column elementor-element elementor-element-7e07d2b\" data-id=\"7e07d2b\" data-element_type=\"column\">\n\t\t\t<div class=\"elementor-widget-wrap elementor-element-populated\">\n\t\t\t\t\t\t\t\t<div class=\"elementor-element elementor-element-259d712 elementor-widget elementor-widget-heading\" data-id=\"259d712\" data-element_type=\"widget\" data-widget_type=\"heading.default\">\n\t\t\t\t<div class=\"elementor-widget-container\">\n\t\t\t<h3 class=\"elementor-heading-title elementor-size-default\">Polityka prywatno\u015bci i Cookies<\/h3>\t\t<\/div>\n\t\t\t\t<\/div>\n\t\t\t\t<div class=\"elementor-element elementor-element-e70ffd7 elementor-widget elementor-widget-text-editor\" data-id=\"e70ffd7\" data-element_type=\"widget\" data-widget_type=\"text-editor.default\">\n\t\t\t\t<div class=\"elementor-widget-container\">\n\t\t\t\t\t\t\tPrzed rozpocz\u0119ciem korzystania ze sklepu internetowego www.playrock.pl Us\u0142ugobiorcy s\u0105 zobowi\u0105zani zapozna\u0107 si\u0119 z tre\u015bci\u0105 Regulaminu.\t\t\t\t\t\t<\/div>\n\t\t\t\t<\/div>\n\t\t\t\t<div class=\"elementor-element elementor-element-c289ee0 elementor-widget elementor-widget-jet-accordion\" data-id=\"c289ee0\" data-element_type=\"widget\" data-widget_type=\"jet-accordion.default\">\n\t\t\t\t<div class=\"elementor-widget-container\">\n\t\t\t\t\t<div class=\"jet-accordion\" data-settings=\"{&quot;collapsible&quot;:false,&quot;ajaxTemplate&quot;:false}\" role=\"tablist\">\n\t\t\t<div class=\"jet-accordion__inner\">\n\t\t\t\t<div class=\"jet-accordion__item jet-toggle jet-toggle-fall-perspective-effect \">\n\t\t\t\t\t\t\t<div id=\"jet-toggle-control-2031\" class=\"jet-toggle__control elementor-menu-anchor\" data-toggle=\"1\" role=\"tab\" aria-controls=\"jet-toggle-content-2031\" aria-expanded=\"false\" data-template-id=\"false\">\n\t\t\t\t\t\t\t\t<div class=\"jet-toggle__label-icon jet-toggle-icon-position-left\"><span class=\"jet-toggle__icon icon-normal jet-tabs-icon\"><i aria-hidden=\"true\" class=\"fas fa-plus\"><\/i><\/span><span class=\"jet-toggle__icon icon-active jet-tabs-icon\"><i aria-hidden=\"true\" class=\"fas fa-minus\"><\/i><\/span><\/div><div class=\"jet-toggle__label-text\">POLITYKA PRYWATNO\u015aCI<\/div>\t\t\t\t\t\t\t<\/div>\n\t\t\t\t\t\t\t<div id=\"jet-toggle-content-2031\" class=\"jet-toggle__content\" data-toggle=\"1\" role=\"tabpanel\" aria-hidden=\"true\" data-template-id=\"false\">\n\t\t\t\t\t\t\t\t<div class=\"jet-toggle__content-inner\"><p><strong>1.<\/strong> Informacje og\u00f3lne<br \/>Niniejsza Polityka Prywatno\u015bci okre\u015bla zasady przetwarzania i ochrony danych osobowych<br \/>przekazanych przez U\u017cytkownik\u00f3w w zwi\u0105zku z korzystaniem przez nich us\u0142ug poprzez Serwis Playrock.pl.<\/p><p><br \/><strong>2.<\/strong> Administratorem danych osobowych zawartych w serwisie jest<br \/>Play Rock Krystian Chudy z siedzib\u0105 w:<\/p><p>ul. Warszawska 56a,<br \/>43-300 Bielsko-Bia\u0142a,<\/p><p>NIP: 5471418138,<br \/>REGON: 072292127<\/p><p><br \/><strong>3.<\/strong> W trosce o bezpiecze\u0144stwo powierzonych nam danych opracowali\u015bmy wewn\u0119trzne<br \/>procedury i zalecenia, kt\u00f3re maj\u0105 zapobiec udost\u0119pnieniu danych osobom<br \/>nieupowa\u017cnionym. Kontrolujemy ich wykonywanie i stale sprawdzamy ich zgodno\u015b\u0107 z<br \/>odpowiednimi aktami prawnymi &#8211; ustaw\u0105 o ochronie danych osobowych, ustaw\u0105 o<br \/>\u015bwiadczeniu us\u0142ug drog\u0105 elektroniczn\u0105, a tak\u017ce wszelkiego rodzaju aktach wykonawczych i<br \/>aktach prawa wsp\u00f3lnotowego.<\/p><p><br \/><strong>4.<\/strong> Dane Osobowe przetwarzane s\u0105 na podstawie zgody wyra\u017canej przez U\u017cytkownika oraz<br \/>w przypadkach, w kt\u00f3rych przepisy prawa upowa\u017cniaj\u0105 Administratora do przetwarzania<br \/>danych osobowych na podstawie przepis\u00f3w prawa lub w celu realizacji zawartej pomi\u0119dzy<br \/>stronami umowy.<\/p><p><br \/><strong>5.<\/strong> Serwis realizuje funkcje pozyskiwania informacji o u\u017cytkownikach i ich zachowaniach w<br \/>nast\u0119puj\u0105cy spos\u00f3b:<\/p><p><br \/>a) poprzez dobrowolnie wprowadzone w formularzach informacje<br \/>b) poprzez gromadzenie plik\u00f3w \u201ccookies\u201d [patrz polityka plik\u00f3w \u201ccookies\u201d].<\/p><p><br \/><strong>6.<\/strong> Serwis zbiera informacje dobrowolnie podane przez u\u017cytkownika.<\/p><p><br \/><strong>7.<\/strong> dane podane w formularzu s\u0105 przetwarzane w celu wynikaj\u0105cym z funkcji konkretnego<br \/>formularza np. w celu dokonania procesu obs\u0142ugi kontaktu informacyjnego<\/p><p><br \/><strong>8.<\/strong> Dane osobowe pozostawione w serwisie nie zostan\u0105 sprzedane ani udost\u0119pnione<br \/>osobom trzecim, zgodnie z przepisami Ustawy o ochronie danych osobowych.<\/p><p><br \/><strong>9.<\/strong> Do danych zawartych w formularzu przys\u0142uguje wgl\u0105d osobie fizycznej, kt\u00f3ra je tam<br \/>umie\u015bci\u0142a. Osoba ta ma r\u00f3wnie\u017c praw do modyfikacji i zaprzestania przetwarzania swoich<br \/>danych w dowolnym momencie.<\/p><p><br \/><strong>10.<\/strong> Zastrzegamy sobie prawo do zmiany w polityce ochrony prywatno\u015bci serwisu, na kt\u00f3re<br \/>mo\u017ce wp\u0142yn\u0105\u0107 rozw\u00f3j technologii internetowej, ewentualne zmiany prawa w zakresie<br \/>ochrony danych osobowych oraz rozw\u00f3j naszego serwisu internetowego. O wszelkich<br \/>zmianach b\u0119dziemy informowa\u0107 w spos\u00f3b widoczny i zrozumia\u0142y.<\/p><p><br \/><strong>11.<\/strong> W Serwisie mog\u0105 pojawia\u0107 si\u0119 linki do innych stron internetowych. Takie strony<br \/>internetowe dzia\u0142aj\u0105 niezale\u017cnie od Serwisu i nie s\u0105 w \u017caden spos\u00f3b nadzorowane przez<br \/>serwis Playrock.pl Strony te mog\u0105 posiada\u0107 w\u0142asne polityki dotycz\u0105ce prywatno\u015bci oraz<br \/>regulaminy, z kt\u00f3rymi zalecamy si\u0119 zapozna\u0107.<br \/>W razie w\u0105tpliwo\u015bci co kt\u00f3regokolwiek z zapis\u00f3w niniejszej polityki prywatno\u015bci jeste\u015bmy do<br \/>dyspozycji &#8211; nasze dane znale\u017a\u0107 mo\u017cna w zak\u0142adce &#8211; KONTAKT.<\/p><\/div>\n\t\t\t\t\t\t\t<\/div>\n\t\t\t\t\t\t<\/div><div class=\"jet-accordion__item jet-toggle jet-toggle-fall-perspective-effect \">\n\t\t\t\t\t\t\t<div id=\"jet-toggle-control-2032\" class=\"jet-toggle__control elementor-menu-anchor\" data-toggle=\"2\" role=\"tab\" aria-controls=\"jet-toggle-content-2032\" aria-expanded=\"false\" data-template-id=\"false\">\n\t\t\t\t\t\t\t\t<div class=\"jet-toggle__label-icon jet-toggle-icon-position-left\"><span class=\"jet-toggle__icon icon-normal jet-tabs-icon\"><i aria-hidden=\"true\" class=\"fas fa-plus\"><\/i><\/span><span class=\"jet-toggle__icon icon-active jet-tabs-icon\"><i aria-hidden=\"true\" class=\"fas fa-minus\"><\/i><\/span><\/div><div class=\"jet-toggle__label-text\">COOKIES<\/div>\t\t\t\t\t\t\t<\/div>\n\t\t\t\t\t\t\t<div id=\"jet-toggle-content-2032\" class=\"jet-toggle__content\" data-toggle=\"2\" role=\"tabpanel\" aria-hidden=\"true\" data-template-id=\"false\">\n\t\t\t\t\t\t\t\t<div class=\"jet-toggle__content-inner\"><p><b><\/b><strong>1.<\/strong> Poprzez piki \u201ccookies\u201d nale\u017cy rozumie\u0107 dane informatyczne przechowywane w<br \/>urz\u0105dzeniach ko\u0144cowych u\u017cytkownik\u00f3w, przeznaczone do korzystania ze stron<br \/>internetowych. W szczeg\u00f3lno\u015bci s\u0105 to pliki tekstowe, zawieraj\u0105ce nazw\u0119 strony<br \/>internetowej, z kt\u00f3rej pochodz\u0105, czas przechowywania ich na urz\u0105dzeniu ko\u0144cowym<br \/>oraz unikalny numer.<\/p><p><br \/><strong>2.<\/strong> Serwis nie zbiera w spos\u00f3b automatyczny \u017cadnych informacji, z wyj\u0105tkiem informacji<br \/>zawartych w plikach cookies.<\/p><p><br \/><strong>3.<\/strong> Pliki cookies przeznaczone s\u0105 do korzystania ze stron serwisu. Operator<br \/>wykorzystuje te pliki do:<\/p><p><br \/>a) mo\u017cliwo\u015bci logowania i utrzymywania sesji u\u017cytkownika na ka\u017cdej kolejnej stronie<br \/>serwisu<br \/>b) dopasowania zawarto\u015bci strony internetowej do indywidualnych preferencji<br \/>u\u017cytkownika, przede wszystkim pliki te rozpoznaj\u0105 jego urz\u0105dzenie, aby zgodnie z<br \/>jego preferencjami wy\u015bwietli\u0107 stron\u0119<br \/>c) do tworzenia anonimowych statystyk z wy\u0142\u0105czeniem mo\u017cliwo\u015bci identyfikacji<br \/>u\u017cytkownika.<\/p><p><br \/><strong>4.<\/strong> Pliki cookies wykorzystywane przez partner\u00f3w operatora strony internetowej, w tym w<br \/>szczeg\u00f3lno\u015bci u\u017cytkownik\u00f3w strony internetowej, podlegaj\u0105 ich w\u0142asnej polityce<br \/>prywatno\u015bci.<\/p><p><br \/><strong>5.<\/strong> W trosce o bezpiecze\u0144stwo powierzonych nam danych opracowali\u015bmy wewn\u0119trzne<br \/>procedury i zalecenia, kt\u00f3re maj\u0105 zapobiec udost\u0119pnieniu danych osobom<br \/>nieupowa\u017cnionym. Kontrolujemy ich wykonywanie i stale sprawdzamy ich zgodno\u015b\u0107<br \/>z odpowiednimi aktami prawnymi &#8211; ustaw\u0105 o ochronie danych osobowych, ustaw\u0105 o<br \/>\u015bwiadczeniu us\u0142ug drog\u0105 elektroniczn\u0105, a tak\u017ce wszelkiego rodzaju aktach<br \/>wykonawczych i aktach prawa wsp\u00f3lnotowego.<\/p><p><br \/><strong>6.<\/strong> Standardowo oprogramowanie s\u0142u\u017c\u0105ce do przegl\u0105dania stron internetowych<br \/>domy\u015blnie dopuszcza umieszczanie plik\u00f3w cookies na urz\u0105dzeniu ko\u0144cowym<br \/>U\u017cytkownika. Ustawienia te mog\u0105 zosta\u0107 zmienione przez U\u017cytkownika w taki<br \/>spos\u00f3b, aby blokowa\u0107 automatyczn\u0105 obs\u0142ug\u0119 \u201ccookies\u201d w ustawieniach przegl\u0105darki<br \/>internetowej b\u0105d\u017a informowa\u0107 o ich ka\u017cdorazowym przes\u0142aniu na urz\u0105dzenia<br \/>u\u017cytkownika.<\/p><p><br \/><strong>7.<\/strong> U\u017cytkownicy Serwisu mog\u0105 dokona\u0107 w ka\u017cdym czasie zmiany ustawie\u0144 dotycz\u0105cych<br \/>plik\u00f3w cookies. Szczeg\u00f3\u0142owe informacje o mo\u017cliwo\u015bci i sposobach obs\u0142ugi plik\u00f3w<br \/>cookies dost\u0119pne s\u0105 w ustawieniach oprogramowania (przegl\u0105darki internetowej).<br \/>Przyk\u0142adowe opcje edytowania w popularnych przegl\u0105darkach:<\/p><p><br \/>&#8211; Mozilla Firefox: www.support.mozilla.org\/pl\/kb\/ciasteczka<br \/>&#8211; Internet Explorer: www.support.microsoft.com\/kb\/278835\/pl<br \/>&#8211; Google Chrome: www.support.google.com\/chrome\/bin\/answer.py?hl=pl&amp;answer=95647<br \/>&#8211; Safari: www.safari.helpmax.net\/pl\/oszczedzanie-czasu\/blokowanie-zawartosci\/<\/p><p><br \/><strong>8.<\/strong> Operator Serwisu informuje, \u017ce zmiany ustawie\u0144 w przegl\u0105darce internetowej<br \/>u\u017cytkownika mog\u0105 uniemo\u017cliwi\u0107 poprawne dzia\u0142anie Stron Internetowych.<\/p><\/div>\n\t\t\t\t\t\t\t<\/div>\n\t\t\t\t\t\t<\/div>\t\t\t<\/div>\n\t\t<\/div>\n\t\t\t\t<\/div>\n\t\t\t\t<\/div>\n\t\t\t\t\t<\/div>\n\t\t<\/div>\n\t\t\t\t\t\t\t<\/div>\n\t\t<\/section>\n\t\t\t\t\t\t<\/div>\n\t\t\t\t\t<\/div>\n\t\t","protected":false},"excerpt":{"rendered":"<p>Polityka prywatno\u015bci i Cookies Przed rozpocz\u0119ciem korzystania ze sklepu internetowego www.playrock.pl Us\u0142ugobiorcy s\u0105 zobowi\u0105zani zapozna\u0107 si\u0119 z tre\u015bci\u0105 Regulaminu. POLITYKA PRYWATNO\u015aCI 1. Informacje og\u00f3lneNiniejsza Polityka Prywatno\u015bci okre\u015bla zasady przetwarzania i ochrony danych osobowychprzekazanych przez U\u017cytkownik\u00f3w w zwi\u0105zku z korzystaniem przez nich us\u0142ug poprzez Serwis Playrock.pl. 2. Administratorem danych osobowych zawartych w serwisie jestPlay Rock Krystian [&hellip;]<\/p>\n","protected":false},"author":1,"featured_media":0,"parent":0,"menu_order":0,"comment_status":"closed","ping_status":"closed","template":"elementor_header_footer","meta":{"footnotes":""},"class_list":["post-34930","page","type-page","status-publish","hentry"],"_links":{"self":[{"href":"https:\/\/playrock.pl\/index.php?rest_route=\/wp\/v2\/pages\/34930","targetHints":{"allow":["GET"]}}],"collection":[{"href":"https:\/\/playrock.pl\/index.php?rest_route=\/wp\/v2\/pages"}],"about":[{"href":"https:\/\/playrock.pl\/index.php?rest_route=\/wp\/v2\/types\/page"}],"author":[{"embeddable":true,"href":"https:\/\/playrock.pl\/index.php?rest_route=\/wp\/v2\/users\/1"}],"replies":[{"embeddable":true,"href":"https:\/\/playrock.pl\/index.php?rest_route=%2Fwp%2Fv2%2Fcomments&post=34930"}],"version-history":[{"count":6,"href":"https:\/\/playrock.pl\/index.php?rest_route=\/wp\/v2\/pages\/34930\/revisions"}],"predecessor-version":[{"id":36469,"href":"https:\/\/playrock.pl\/index.php?rest_route=\/wp\/v2\/pages\/34930\/revisions\/36469"}],"wp:attachment":[{"href":"https:\/\/playrock.pl\/index.php?rest_route=%2Fwp%2Fv2%2Fmedia&parent=34930"}],"curies":[{"name":"wp","href":"https:\/\/api.w.org\/{rel}","templated":true}]}}