{"id":22821,"date":"2021-03-13T23:46:32","date_gmt":"2021-03-13T22:46:32","guid":{"rendered":"https:\/\/playrock.pl\/?page_id=22821"},"modified":"2021-05-05T16:26:38","modified_gmt":"2021-05-05T14:26:38","slug":"naglosnienie","status":"publish","type":"page","link":"https:\/\/playrock.pl\/?page_id=22821","title":{"rendered":"naglosnienie"},"content":{"rendered":"\t\t<div data-elementor-type=\"wp-page\" data-elementor-id=\"22821\" class=\"elementor elementor-22821\" data-elementor-settings=\"[]\">\n\t\t\t\t\t\t\t<div class=\"elementor-section-wrap\">\n\t\t\t\t\t\t\t<section class=\"elementor-section elementor-top-section elementor-element elementor-element-d50cbf9 elementor-section-boxed elementor-section-height-default elementor-section-height-default\" data-id=\"d50cbf9\" data-element_type=\"section\">\n\t\t\t\t\t\t<div class=\"elementor-container elementor-column-gap-custom\">\n\t\t\t\t\t<div class=\"elementor-column elementor-col-50 elementor-top-column elementor-element elementor-element-f165d4a\" data-id=\"f165d4a\" data-element_type=\"column\" data-settings=\"{&quot;background_background&quot;:&quot;classic&quot;}\">\n\t\t\t<div class=\"elementor-widget-wrap elementor-element-populated\">\n\t\t\t\t\t\t\t\t<div class=\"elementor-element elementor-element-7154dc8 elementor-widget elementor-widget-spacer\" data-id=\"7154dc8\" data-element_type=\"widget\" data-widget_type=\"spacer.default\">\n\t\t\t\t<div class=\"elementor-widget-container\">\n\t\t\t\t\t<div class=\"elementor-spacer\">\n\t\t\t<div class=\"elementor-spacer-inner\"><\/div>\n\t\t<\/div>\n\t\t\t\t<\/div>\n\t\t\t\t<\/div>\n\t\t\t\t\t<\/div>\n\t\t<\/div>\n\t\t\t\t<div class=\"elementor-column elementor-col-50 elementor-top-column elementor-element elementor-element-285d725\" data-id=\"285d725\" data-element_type=\"column\">\n\t\t\t<div class=\"elementor-widget-wrap elementor-element-populated\">\n\t\t\t\t\t\t\t\t<div class=\"elementor-element elementor-element-6138787 elementor-widget elementor-widget-heading\" data-id=\"6138787\" data-element_type=\"widget\" data-widget_type=\"heading.default\">\n\t\t\t\t<div class=\"elementor-widget-container\">\n\t\t\t<h3 class=\"elementor-heading-title elementor-size-default\">Wypo\u017cycz sprz\u0119t i nag\u0142o\u015bnij swoj\u0105 imprez\u0119<\/h3>\t\t<\/div>\n\t\t\t\t<\/div>\n\t\t\t\t<div class=\"elementor-element elementor-element-fe76cb6 elementor-widget-divider--separator-type-pattern elementor-widget-divider--no-spacing elementor-widget-divider--view-line elementor-widget elementor-widget-divider\" data-id=\"fe76cb6\" data-element_type=\"widget\" data-widget_type=\"divider.default\">\n\t\t\t\t<div class=\"elementor-widget-container\">\n\t\t\t\t\t<div class=\"elementor-divider\" style=\"--divider-pattern-url: url(&quot;data:image\/svg+xml,%3Csvg xmlns=&#039;http:\/\/www.w3.org\/2000\/svg&#039; preserveAspectRatio=&#039;xMidYMid meet&#039; overflow=&#039;visible&#039; height=&#039;100%&#039; viewBox=&#039;0 0 120 26&#039; fill=&#039;black&#039; stroke=&#039;none&#039;%3E%3Cpath d=&#039;M54,1.6V26h-9V2.5L54,1.6z M69,1.6v23.3L60,26V1.6H69z M24,1.6v23.5l-9-0.6V1.6H24z M30,0l9,0.7v24.5h-9V0z M9,2.5v22H0V3.7L9,2.5z M75,1.6l9,0.9v22h-9V1.6z M99,2.7v21.7h-9V3.8L99,2.7z M114,3.8v20.7l-9-0.5V3.8L114,3.8z&#039;\/%3E%3C\/svg%3E&quot;);\">\n\t\t\t<span class=\"elementor-divider-separator\">\n\t\t\t\t\t\t<\/span>\n\t\t<\/div>\n\t\t\t\t<\/div>\n\t\t\t\t<\/div>\n\t\t\t\t<div class=\"elementor-element elementor-element-ea777ce elementor-widget elementor-widget-text-editor\" data-id=\"ea777ce\" data-element_type=\"widget\" data-widget_type=\"text-editor.default\">\n\t\t\t\t<div class=\"elementor-widget-container\">\n\t\t\t\t\t\t\t<ul>\n<li>wesela,<\/li>\n<li>urodziny,<\/li>\n<li>imprezy firmowe.<\/li>\n<\/ul>\n<p>Wypo\u017cyczany sprz\u0119t jest niezawodny i bardzo intuicyjny, ka\u017cdy poradzi sobie z jego obs\u0142ug\u0105.&nbsp;<\/p>\n<p>Dodatkowo na miejscu zapewniamy przeszkolenie w zakresie obs\u0142ugi ka\u017cdego z wynajmowanych sprz\u0119t\u00f3w.<\/p>\n<p>Wolne terminy oraz dost\u0119pno\u015b\u0107 sprz\u0119tu dost\u0119pne pod numerem&nbsp; &nbsp; &nbsp; 883 911 636.<\/p>\t\t\t\t\t\t<\/div>\n\t\t\t\t<\/div>\n\t\t\t\t<div class=\"elementor-element elementor-element-03fbd82 elementor-widget elementor-widget-jet-button\" data-id=\"03fbd82\" data-element_type=\"widget\" data-widget_type=\"jet-button.default\">\n\t\t\t\t<div class=\"elementor-widget-container\">\n\t\t\t<div class=\"elementor-jet-button jet-elements\"><div class=\"jet-button__container\">\n\t<a class=\"jet-button__instance jet-button__instance--icon-right hover-effect-1\" href=\"https:\/\/playrock.pl\/?page_id=6681\">\n\t\t<div class=\"jet-button__plane jet-button__plane-normal\"><\/div>\n\t\t<div class=\"jet-button__plane jet-button__plane-hover\"><\/div>\n\t\t<div class=\"jet-button__state jet-button__state-normal\">\n\t\t\t<span class=\"jet-button__label\">Skontaktuj si\u0119 z nami!<\/span>\t\t<\/div>\n\t\t<div class=\"jet-button__state jet-button__state-hover\">\n\t\t\t<span class=\"jet-button__label\">Skontaktuj si\u0119 z nami!<\/span>\t\t<\/div>\n\t<\/a>\n<\/div>\n<\/div>\t\t<\/div>\n\t\t\t\t<\/div>\n\t\t\t\t\t<\/div>\n\t\t<\/div>\n\t\t\t\t\t\t\t<\/div>\n\t\t<\/section>\n\t\t\t\t\t\t<\/div>\n\t\t\t\t\t<\/div>\n\t\t","protected":false},"excerpt":{"rendered":"<p>Wypo\u017cycz sprz\u0119t i nag\u0142o\u015bnij swoj\u0105 imprez\u0119 wesela, urodziny, imprezy firmowe. Wypo\u017cyczany sprz\u0119t jest niezawodny i bardzo intuicyjny, ka\u017cdy poradzi sobie z jego obs\u0142ug\u0105.&nbsp; Dodatkowo na miejscu zapewniamy przeszkolenie w zakresie obs\u0142ugi ka\u017cdego z wynajmowanych sprz\u0119t\u00f3w. Wolne terminy oraz dost\u0119pno\u015b\u0107 sprz\u0119tu dost\u0119pne pod numerem&nbsp; &nbsp; &nbsp; 883 911 636. Skontaktuj si\u0119 z nami! Skontaktuj si\u0119 z [&hellip;]<\/p>\n","protected":false},"author":1,"featured_media":0,"parent":0,"menu_order":0,"comment_status":"closed","ping_status":"closed","template":"page-templates\/fullwidth-content.php","meta":{"footnotes":""},"class_list":["post-22821","page","type-page","status-publish","hentry"],"_links":{"self":[{"href":"https:\/\/playrock.pl\/index.php?rest_route=\/wp\/v2\/pages\/22821","targetHints":{"allow":["GET"]}}],"collection":[{"href":"https:\/\/playrock.pl\/index.php?rest_route=\/wp\/v2\/pages"}],"about":[{"href":"https:\/\/playrock.pl\/index.php?rest_route=\/wp\/v2\/types\/page"}],"author":[{"embeddable":true,"href":"https:\/\/playrock.pl\/index.php?rest_route=\/wp\/v2\/users\/1"}],"replies":[{"embeddable":true,"href":"https:\/\/playrock.pl\/index.php?rest_route=%2Fwp%2Fv2%2Fcomments&post=22821"}],"version-history":[{"count":18,"href":"https:\/\/playrock.pl\/index.php?rest_route=\/wp\/v2\/pages\/22821\/revisions"}],"predecessor-version":[{"id":37383,"href":"https:\/\/playrock.pl\/index.php?rest_route=\/wp\/v2\/pages\/22821\/revisions\/37383"}],"wp:attachment":[{"href":"https:\/\/playrock.pl\/index.php?rest_route=%2Fwp%2Fv2%2Fmedia&parent=22821"}],"curies":[{"name":"wp","href":"https:\/\/api.w.org\/{rel}","templated":true}]}}