{"id":22754,"date":"2021-03-13T21:48:19","date_gmt":"2021-03-13T20:48:19","guid":{"rendered":"https:\/\/playrock.pl\/?page_id=22754"},"modified":"2021-05-05T17:28:06","modified_gmt":"2021-05-05T15:28:06","slug":"serwis","status":"publish","type":"page","link":"https:\/\/playrock.pl\/?page_id=22754","title":{"rendered":"Serwis"},"content":{"rendered":"\t\t<div data-elementor-type=\"wp-page\" data-elementor-id=\"22754\" class=\"elementor elementor-22754\" data-elementor-settings=\"[]\">\n\t\t\t\t\t\t\t<div class=\"elementor-section-wrap\">\n\t\t\t\t\t\t\t<section class=\"elementor-section elementor-top-section elementor-element elementor-element-2a195fd elementor-section-boxed elementor-section-height-default elementor-section-height-default\" data-id=\"2a195fd\" data-element_type=\"section\">\n\t\t\t\t\t\t<div class=\"elementor-container elementor-column-gap-custom\">\n\t\t\t\t\t<div class=\"elementor-column elementor-col-50 elementor-top-column elementor-element elementor-element-1a61dcd\" data-id=\"1a61dcd\" data-element_type=\"column\" data-settings=\"{&quot;background_background&quot;:&quot;classic&quot;}\">\n\t\t\t<div class=\"elementor-widget-wrap elementor-element-populated\">\n\t\t\t\t\t\t\t\t<div class=\"elementor-element elementor-element-d5dabe8 elementor-widget elementor-widget-spacer\" data-id=\"d5dabe8\" data-element_type=\"widget\" data-widget_type=\"spacer.default\">\n\t\t\t\t<div class=\"elementor-widget-container\">\n\t\t\t\t\t<div class=\"elementor-spacer\">\n\t\t\t<div class=\"elementor-spacer-inner\"><\/div>\n\t\t<\/div>\n\t\t\t\t<\/div>\n\t\t\t\t<\/div>\n\t\t\t\t\t<\/div>\n\t\t<\/div>\n\t\t\t\t<div class=\"elementor-column elementor-col-50 elementor-top-column elementor-element elementor-element-e96e3e5\" data-id=\"e96e3e5\" data-element_type=\"column\">\n\t\t\t<div class=\"elementor-widget-wrap elementor-element-populated\">\n\t\t\t\t\t\t\t\t<div class=\"elementor-element elementor-element-1b742bc elementor-widget elementor-widget-heading\" data-id=\"1b742bc\" data-element_type=\"widget\" data-widget_type=\"heading.default\">\n\t\t\t\t<div class=\"elementor-widget-container\">\n\t\t\t<h3 class=\"elementor-heading-title elementor-size-default\">Serwis instrument\u00f3w       i sprz\u0119tu<\/h3>\t\t<\/div>\n\t\t\t\t<\/div>\n\t\t\t\t<div class=\"elementor-element elementor-element-4291476 elementor-widget-divider--separator-type-pattern elementor-widget-divider--no-spacing elementor-widget-divider--view-line elementor-widget elementor-widget-divider\" data-id=\"4291476\" data-element_type=\"widget\" data-widget_type=\"divider.default\">\n\t\t\t\t<div class=\"elementor-widget-container\">\n\t\t\t\t\t<div class=\"elementor-divider\" style=\"--divider-pattern-url: url(&quot;data:image\/svg+xml,%3Csvg xmlns=&#039;http:\/\/www.w3.org\/2000\/svg&#039; preserveAspectRatio=&#039;xMidYMid meet&#039; overflow=&#039;visible&#039; height=&#039;100%&#039; viewBox=&#039;0 0 120 26&#039; fill=&#039;black&#039; stroke=&#039;none&#039;%3E%3Cpath d=&#039;M54,1.6V26h-9V2.5L54,1.6z M69,1.6v23.3L60,26V1.6H69z M24,1.6v23.5l-9-0.6V1.6H24z M30,0l9,0.7v24.5h-9V0z M9,2.5v22H0V3.7L9,2.5z M75,1.6l9,0.9v22h-9V1.6z M99,2.7v21.7h-9V3.8L99,2.7z M114,3.8v20.7l-9-0.5V3.8L114,3.8z&#039;\/%3E%3C\/svg%3E&quot;);\">\n\t\t\t<span class=\"elementor-divider-separator\">\n\t\t\t\t\t\t<\/span>\n\t\t<\/div>\n\t\t\t\t<\/div>\n\t\t\t\t<\/div>\n\t\t\t\t<div class=\"elementor-element elementor-element-44c1823 elementor-widget elementor-widget-text-editor\" data-id=\"44c1823\" data-element_type=\"widget\" data-widget_type=\"text-editor.default\">\n\t\t\t\t<div class=\"elementor-widget-container\">\n\t\t\t\t\t\t\t<p>Od wielu lat, opr\u00f3cz sprzeda\u017cy, prowadzimy r\u00f3wnie\u017c serwis lutniczy.<br \/>Do ka\u017cdego instrumentu podchodzimy indywidualnie.<\/p><p>Oferujemy:<\/p><ul><li>wymian\u0119 strun,\u00a0<\/li><li>wyregulowanie instrumentu,<\/li><li>napraw\u0119 uszkodze\u0144 (z\u0142amany lub p\u0119kni\u0119ty gryf, p\u0119kni\u0119cie pud\u0142a rezonansowego),<\/li><li>napraw\u0119 i wymian\u0119 elektroniki (przetworniki, gniazda, potencjometry),<\/li><li>konserwacj\u0119 instrumentu.<\/li><\/ul>\t\t\t\t\t\t<\/div>\n\t\t\t\t<\/div>\n\t\t\t\t<div class=\"elementor-element elementor-element-9754072 elementor-widget elementor-widget-jet-button\" data-id=\"9754072\" data-element_type=\"widget\" data-widget_type=\"jet-button.default\">\n\t\t\t\t<div class=\"elementor-widget-container\">\n\t\t\t<div class=\"elementor-jet-button jet-elements\"><div class=\"jet-button__container\">\n\t<a class=\"jet-button__instance jet-button__instance--icon-right hover-effect-1\" href=\"https:\/\/playrock.pl\/?page_id=6681\">\n\t\t<div class=\"jet-button__plane jet-button__plane-normal\"><\/div>\n\t\t<div class=\"jet-button__plane jet-button__plane-hover\"><\/div>\n\t\t<div class=\"jet-button__state jet-button__state-normal\">\n\t\t\t<span class=\"jet-button__label\">Skontaktuj si\u0119 z nami!<\/span>\t\t<\/div>\n\t\t<div class=\"jet-button__state jet-button__state-hover\">\n\t\t\t<span class=\"jet-button__label\">Skontaktuj si\u0119 z nami!<\/span>\t\t<\/div>\n\t<\/a>\n<\/div>\n<\/div>\t\t<\/div>\n\t\t\t\t<\/div>\n\t\t\t\t\t<\/div>\n\t\t<\/div>\n\t\t\t\t\t\t\t<\/div>\n\t\t<\/section>\n\t\t\t\t\t\t<\/div>\n\t\t\t\t\t<\/div>\n\t\t","protected":false},"excerpt":{"rendered":"<p>Serwis instrument\u00f3w i sprz\u0119tu Od wielu lat, opr\u00f3cz sprzeda\u017cy, prowadzimy r\u00f3wnie\u017c serwis lutniczy.Do ka\u017cdego instrumentu podchodzimy indywidualnie. Oferujemy: wymian\u0119 strun,\u00a0 wyregulowanie instrumentu, napraw\u0119 uszkodze\u0144 (z\u0142amany lub p\u0119kni\u0119ty gryf, p\u0119kni\u0119cie pud\u0142a rezonansowego), napraw\u0119 i wymian\u0119 elektroniki (przetworniki, gniazda, potencjometry), konserwacj\u0119 instrumentu. Skontaktuj si\u0119 z nami! Skontaktuj si\u0119 z nami!<\/p>\n","protected":false},"author":1,"featured_media":0,"parent":0,"menu_order":0,"comment_status":"closed","ping_status":"closed","template":"page-templates\/fullwidth-content.php","meta":{"footnotes":""},"class_list":["post-22754","page","type-page","status-publish","hentry"],"_links":{"self":[{"href":"https:\/\/playrock.pl\/index.php?rest_route=\/wp\/v2\/pages\/22754","targetHints":{"allow":["GET"]}}],"collection":[{"href":"https:\/\/playrock.pl\/index.php?rest_route=\/wp\/v2\/pages"}],"about":[{"href":"https:\/\/playrock.pl\/index.php?rest_route=\/wp\/v2\/types\/page"}],"author":[{"embeddable":true,"href":"https:\/\/playrock.pl\/index.php?rest_route=\/wp\/v2\/users\/1"}],"replies":[{"embeddable":true,"href":"https:\/\/playrock.pl\/index.php?rest_route=%2Fwp%2Fv2%2Fcomments&post=22754"}],"version-history":[{"count":33,"href":"https:\/\/playrock.pl\/index.php?rest_route=\/wp\/v2\/pages\/22754\/revisions"}],"predecessor-version":[{"id":37392,"href":"https:\/\/playrock.pl\/index.php?rest_route=\/wp\/v2\/pages\/22754\/revisions\/37392"}],"wp:attachment":[{"href":"https:\/\/playrock.pl\/index.php?rest_route=%2Fwp%2Fv2%2Fmedia&parent=22754"}],"curies":[{"name":"wp","href":"https:\/\/api.w.org\/{rel}","templated":true}]}}